{"id":6,"date":"2012-05-19T22:37:32","date_gmt":"2012-05-19T22:37:32","guid":{"rendered":"http:\/\/172.20.1.223\/?page_id=6"},"modified":"2022-05-19T13:59:44","modified_gmt":"2022-05-19T16:59:44","slug":"home","status":"publish","type":"page","link":"https:\/\/www.provincia.com.uy\/","title":{"rendered":"Quienes somos"},"content":{"rendered":"<p style=\"text-align: justify;\"><strong>Provincia Casa Financiera<\/strong> es una  Instituci\u00f3n de Intermediaci\u00f3n Financiera, Sucursal \u201cfull branch\u201d del Banco de la Provincia de Buenos Aires, esto significa que su Casa Matriz responde y garantiza el total de las operaciones realizadas.<\/p>\n<p style=\"text-align: justify;\">La Sucursal abri\u00f3 sus puertas al p\u00fablico el 19 de diciembre de 1980, desde esa fecha hasta diciembre de 2011 oper\u00f3 en Montevideo, en el barrio Ciudad Vieja. Actualmente se ubica en el Complejo World Trade Center (WTC), moderno centro de negocios de alcance mundial, ubicado en el atractivo barrio de Buceo, cercano a la costa de Montevideo.<\/p>\n<p style=\"text-align: justify;\">Su status jur\u00eddico de Casa Financiera le permite operar en forma similar a una Instituci\u00f3n Bancaria, con las siguientes limitaciones:<\/p>\n<p style=\"text-align: justify;\">a) Recibir dep\u00f3sitos en cuenta corriente bancaria y autorizar que se gire contra ellos mediante cheques;<br \/>\nb) Recibir dep\u00f3sitos a la vista;<br \/>\nc) Recibir de personas f\u00edsicas y\/o jur\u00eddicas residentes en el Uruguay dep\u00f3sitos a plazo.<\/p>\n<p style=\"text-align: justify;\">Por lo expuesto, la patente de Casa Financiera le permite realizar operaciones de intermediaci\u00f3n financiera, operando en forma similar a una instituci\u00f3n bancaria en su faz activa, mientras que en su faz pasiva, no financiera, opera exclusivamente con personas f\u00edsicas y\/o jur\u00eddicas no residentes. Adicionalmente opera sin limitaciones en servicios de Comercio Exterior, Giros y Transferencias, Inversiones y Custodia de Valores.<\/p>\n<p style=\"text-align: justify;\">Que ventajas estrat\u00e9gicas ofrece Uruguay para sus negocios y operaciones:<\/p>\n<ul>\n<li>Ubicaci\u00f3n geogr\u00e1fica y clima agradable<\/li>\n<li>Recursos humanos calificados<\/li>\n<li>Estabilidad social, pol\u00edtica y jur\u00eddica<\/li>\n<li>Menores \u00edndices de corrupci\u00f3n del continente<\/li>\n<li>Alta tecnolog\u00eda en Telecomunicaciones<\/li>\n<li>Completa infraestructura log\u00edstica y de transporte<\/li>\n<li>Adecuada solvencia, regulaci\u00f3n y transparencia del sistema financiero<\/li>\n<li>Regulador bancario ejerciendo una fuerte supervisi\u00f3n<\/li>\n<li>Libertad cambiaria y de movimiento de capitales<\/li>\n<li>Marco fiscal competitivo<\/li>\n<li>Moderna legislaci\u00f3n sobre Prevenci\u00f3n del Lavado de Dinero y Financiamiento del Terrorismo<\/li>\n<li>Enfoque moderno sobre secreto profesional<\/li>\n<li>Amplia legislaci\u00f3n sobre Mercado de Valores<\/li>\n<li>Experiencia en Servicios Financieros Internacionales<\/li>\n<\/ul>\n ","protected":false},"excerpt":{"rendered":"<p>Provincia Casa Financiera es una Instituci\u00f3n de Intermediaci\u00f3n Financiera, Sucursal \u201cfull branch\u201d del Banco de la Provincia de Buenos Aires, esto significa que su Casa Matriz responde y garantiza el total de las operaciones realizadas. La Sucursal abri\u00f3 sus puertas &hellip; <a href=\"https:\/\/www.provincia.com.uy\/\">Sigue leyendo <span class=\"meta-nav\">&rarr;<\/span><\/a><\/p>\n","protected":false},"author":4,"featured_media":61,"parent":0,"menu_order":-1,"comment_status":"open","ping_status":"open","template":"","meta":{"footnotes":""},"class_list":["post-6","page","type-page","status-publish","has-post-thumbnail","hentry"],"_links":{"self":[{"href":"https:\/\/www.provincia.com.uy\/index.php\/wp-json\/wp\/v2\/pages\/6","targetHints":{"allow":["GET"]}}],"collection":[{"href":"https:\/\/www.provincia.com.uy\/index.php\/wp-json\/wp\/v2\/pages"}],"about":[{"href":"https:\/\/www.provincia.com.uy\/index.php\/wp-json\/wp\/v2\/types\/page"}],"author":[{"embeddable":true,"href":"https:\/\/www.provincia.com.uy\/index.php\/wp-json\/wp\/v2\/users\/4"}],"replies":[{"embeddable":true,"href":"https:\/\/www.provincia.com.uy\/index.php\/wp-json\/wp\/v2\/comments?post=6"}],"version-history":[{"count":18,"href":"https:\/\/www.provincia.com.uy\/index.php\/wp-json\/wp\/v2\/pages\/6\/revisions"}],"predecessor-version":[{"id":987,"href":"https:\/\/www.provincia.com.uy\/index.php\/wp-json\/wp\/v2\/pages\/6\/revisions\/987"}],"wp:featuredmedia":[{"embeddable":true,"href":"https:\/\/www.provincia.com.uy\/index.php\/wp-json\/wp\/v2\/media\/61"}],"wp:attachment":[{"href":"https:\/\/www.provincia.com.uy\/index.php\/wp-json\/wp\/v2\/media?parent=6"}],"curies":[{"name":"wp","href":"https:\/\/api.w.org\/{rel}","templated":true}]}}