{"id":599,"date":"2012-09-20T18:41:34","date_gmt":"2012-09-20T21:41:34","guid":{"rendered":"http:\/\/172.20.1.223\/?page_id=599"},"modified":"2012-09-21T12:15:53","modified_gmt":"2012-09-21T15:15:53","slug":"calculador-de-descuentos","status":"publish","type":"page","link":"https:\/\/www.provincia.com.uy\/index.php\/creditos\/calculador-de-descuentos\/","title":{"rendered":"Calculador de Descuentos"},"content":{"rendered":"<p>Esta herramienta de c\u00e1lculo, permite estimar el l\u00edquido del descuento de un cheque.<\/p>\n<p>Campos a completar:<\/p>\n<ul>\n<li>Importe del cheque: Aqu\u00ed se completa el monto del cheque<\/li>\n<li>Tasa: Debe cargar la tasa de la operaci\u00f3n<\/li>\n<li>Fecha de vencimiento: Se debe ingresar la fecha de cobro del documento.<\/li>\n<\/ul>\n<p><strong>Resultado:<\/strong><\/p>\n<p>Como resultado, la calculadora, nos estima el l\u00edquido del descuento de manera indicativa.<\/p>\n<p>Ante cualquier consulta, no dude en comunicarse con nuestro Departamento de Cr\u00e9ditos.<\/p>\n ","protected":false},"excerpt":{"rendered":"<p>Esta herramienta de c\u00e1lculo, permite estimar el l\u00edquido del descuento de un cheque. Campos a completar: Importe del cheque: Aqu\u00ed se completa el monto del cheque Tasa: Debe cargar la tasa de la operaci\u00f3n Fecha de vencimiento: Se debe ingresar &hellip; <a href=\"https:\/\/www.provincia.com.uy\/index.php\/creditos\/calculador-de-descuentos\/\">Sigue leyendo <span class=\"meta-nav\">&rarr;<\/span><\/a><\/p>\n","protected":false},"author":4,"featured_media":0,"parent":16,"menu_order":9,"comment_status":"open","ping_status":"closed","template":"calculador-descuentos.php","meta":{"footnotes":""},"class_list":["post-599","page","type-page","status-publish","hentry"],"_links":{"self":[{"href":"https:\/\/www.provincia.com.uy\/index.php\/wp-json\/wp\/v2\/pages\/599","targetHints":{"allow":["GET"]}}],"collection":[{"href":"https:\/\/www.provincia.com.uy\/index.php\/wp-json\/wp\/v2\/pages"}],"about":[{"href":"https:\/\/www.provincia.com.uy\/index.php\/wp-json\/wp\/v2\/types\/page"}],"author":[{"embeddable":true,"href":"https:\/\/www.provincia.com.uy\/index.php\/wp-json\/wp\/v2\/users\/4"}],"replies":[{"embeddable":true,"href":"https:\/\/www.provincia.com.uy\/index.php\/wp-json\/wp\/v2\/comments?post=599"}],"version-history":[{"count":9,"href":"https:\/\/www.provincia.com.uy\/index.php\/wp-json\/wp\/v2\/pages\/599\/revisions"}],"predecessor-version":[{"id":602,"href":"https:\/\/www.provincia.com.uy\/index.php\/wp-json\/wp\/v2\/pages\/599\/revisions\/602"}],"up":[{"embeddable":true,"href":"https:\/\/www.provincia.com.uy\/index.php\/wp-json\/wp\/v2\/pages\/16"}],"wp:attachment":[{"href":"https:\/\/www.provincia.com.uy\/index.php\/wp-json\/wp\/v2\/media?parent=599"}],"curies":[{"name":"wp","href":"https:\/\/api.w.org\/{rel}","templated":true}]}}