{"id":312,"date":"2012-06-26T15:08:06","date_gmt":"2012-06-26T15:08:06","guid":{"rendered":"http:\/\/172.20.1.223\/bapro\/?page_id=312"},"modified":"2018-06-07T18:00:13","modified_gmt":"2018-06-07T21:00:13","slug":"calculador-lrm","status":"publish","type":"page","link":"https:\/\/www.provincia.com.uy\/index.php\/calculador-lrm\/","title":{"rendered":"Calculador LRM"},"content":{"rendered":"<p style=\"text-align: justify;\">Esta herramienta de c\u00e1lculo, permite estimar el rendimiento indicativo de las Letras de Regulaci\u00f3n Monetaria emitidas por el B.C.U. en Pesos Uruguayos ( Este producto se ofrece exclusivamente a residentes uruguayos ).<\/p>\n<p style=\"text-align: justify;\"><strong>Campos a completar:<\/strong><\/p>\n<ul>\n<li style=\"text-align: justify;\">Valor efectivo en USD: aqu\u00ed se completa el importe en USD a invertir por el cliente.<\/li>\n<li style=\"text-align: justify;\">Plazo: se selecciona uno de los plazos disponibles para realizar la inversi\u00f3n (los mismos son estimados, ya que cada licitaci\u00f3n es diferente).<\/li>\n<li style=\"text-align: justify;\">Tipo de cambio estimado a la fecha de vencimiento: aqu\u00ed el cliente completa que tipo de cambio de pesos uruguayos por d\u00f3lar que estima que habr\u00e1 a la fecha de vencimiento detallada mas arriba.<\/li>\n<\/ul>\n<p style=\"text-align: justify;\"><strong>Resultado:<\/strong><\/p>\n<p style=\"text-align: justify;\">Como resultado, la calculadora, nos estima el rendimiento al vencimiento de manera indicativa en pesos y d\u00f3lares de la inversi\u00f3n arriba detallada.<\/p>\n<p style=\"text-align: justify;\">Los par\u00e1metros que la calculadora toma del mercado son: la cotizaci\u00f3n de pesos uruguayos por d\u00f3lar al cierre del \u00faltimo d\u00eda h\u00e1bil, una fecha de vencimiento, estimada seg\u00fan el plazo seleccionado, la \u00faltima tasa de corte en las licitaciones del B.C.U., publicada por ellos en su p\u00e1gina Web y por \u00faltimo calcula el valor nominal a invertir (el cual en la realidad tiene que ser mayor a 100.000 pesos uruguayos, y luego incrementos de 10.000 pesos uruguayos)<\/p>\n<p style=\"text-align: justify;\">Ante cualquier consulta, no dude en comunicarse con nuestro Departamento de Inversiones.<\/p>\n ","protected":false},"excerpt":{"rendered":"<p>Esta herramienta de c\u00e1lculo, permite estimar el rendimiento indicativo de las Letras de Regulaci\u00f3n Monetaria emitidas por el B.C.U. en Pesos Uruguayos ( Este producto se ofrece exclusivamente a residentes uruguayos ). Campos a completar: Valor efectivo en USD: aqu\u00ed &hellip; <a href=\"https:\/\/www.provincia.com.uy\/index.php\/calculador-lrm\/\">Sigue leyendo <span class=\"meta-nav\">&rarr;<\/span><\/a><\/p>\n","protected":false},"author":4,"featured_media":0,"parent":0,"menu_order":3,"comment_status":"open","ping_status":"open","template":"inversiones.php","meta":{"footnotes":""},"class_list":["post-312","page","type-page","status-publish","hentry"],"_links":{"self":[{"href":"https:\/\/www.provincia.com.uy\/index.php\/wp-json\/wp\/v2\/pages\/312","targetHints":{"allow":["GET"]}}],"collection":[{"href":"https:\/\/www.provincia.com.uy\/index.php\/wp-json\/wp\/v2\/pages"}],"about":[{"href":"https:\/\/www.provincia.com.uy\/index.php\/wp-json\/wp\/v2\/types\/page"}],"author":[{"embeddable":true,"href":"https:\/\/www.provincia.com.uy\/index.php\/wp-json\/wp\/v2\/users\/4"}],"replies":[{"embeddable":true,"href":"https:\/\/www.provincia.com.uy\/index.php\/wp-json\/wp\/v2\/comments?post=312"}],"version-history":[{"count":23,"href":"https:\/\/www.provincia.com.uy\/index.php\/wp-json\/wp\/v2\/pages\/312\/revisions"}],"predecessor-version":[{"id":876,"href":"https:\/\/www.provincia.com.uy\/index.php\/wp-json\/wp\/v2\/pages\/312\/revisions\/876"}],"wp:attachment":[{"href":"https:\/\/www.provincia.com.uy\/index.php\/wp-json\/wp\/v2\/media?parent=312"}],"curies":[{"name":"wp","href":"https:\/\/api.w.org\/{rel}","templated":true}]}}