{"id":30,"date":"2012-05-19T22:58:10","date_gmt":"2012-05-19T22:58:10","guid":{"rendered":"http:\/\/172.20.1.223\/?page_id=30"},"modified":"2012-12-07T12:01:24","modified_gmt":"2012-12-07T15:01:24","slug":"aviso-legal","status":"publish","type":"page","link":"https:\/\/www.provincia.com.uy\/index.php\/aviso-legal\/","title":{"rendered":"Aviso Legal"},"content":{"rendered":"<p style=\"text-align: justify;\">Este sitio, y los derechos de Propiedad Intelectual, explotaci\u00f3n y reproducci\u00f3n de sus p\u00e1ginas, pantallas e informaci\u00f3n que en ellos se contiene son propiedad exclusiva de <strong>Provincia Casa Financiera<\/strong>. Queda expresamente prohibida tanto la descarga de contenidos, como copiar o imprimir cualquier p\u00e1gina de este sitio, a excepci\u00f3n de aquellas realizadas con una finalidad de uso estrictamente personal y privado. Salvo previa autorizaci\u00f3n escrita de <strong>Provincia Casa Financiera<\/strong>, queda prohibido realizar las siguientes actividades: reproducir, transmitir, modificar o suprimir, tanto la informaci\u00f3n como el contenido y advertencias de este sitio.<\/p>\n<p style=\"text-align: justify;\">La informaci\u00f3n contenida en este sitio se publica con la mera finalidad de su utilizaci\u00f3n para un grupo indeterminado de personas y sin tener presente situaciones espec\u00edficas de inversi\u00f3n, condici\u00f3n financiera o necesidades particulares de las personas que visiten el sitio. Cabe destacar que, este sitio no proporciona ning\u00fan tipo de recomendaci\u00f3n de inversi\u00f3n, ni asesoramiento de naturaleza legal, fiscal, o de cualquier otra clase, y teniendo presente que ning\u00fan dato all\u00ed contenido debe ser tomado como base para realizar inversiones o tomar decisiones.<\/p>\n<p style=\"text-align: justify;\">A la hora de llevar a cabo cualquier inversi\u00f3n, ser\u00e1 responsabilidad del inversor consultar a un profesional especializado en la materia. Asimismo, debe tenerse presente que el inversor debe asumir el riesgo de que el valor de las inversiones puede oscilar en el mercado, comprendiendo la posibilidad de no recuperar, en forma parcial o total el monto invertido. En este sentido, el informe de rentabilidades pasadas, no configura una promesa o seguridad de rentabilidades en el futuro.<\/p>\n<p style=\"text-align: justify;\">Todas aquellas decisiones basada, en forma total o parcial, en la informaci\u00f3n contenida en este sitio son de responsabilidad exclusiva del usuario y\/o inversor y como consecuencia, por el uso del sitio el usuario y\/o inversor se compromete a no reclamar a <strong>Provincia Casa Financiera<\/strong> da\u00f1os de cualquier naturaleza o responsabilidades emanadas de cualquier operaci\u00f3n realizada en base a este sitio.<\/p>\n<p style=\"text-align: justify;\">Por su parte, la informaci\u00f3n contenida en este sitio tiene como \u00fanico objetivo informar, y en ning\u00fan caso deber\u00e1 utilizarse ni ser tomada como un ofrecimiento de venta o compra o cualquier otro tipo de transacci\u00f3n, a excepci\u00f3n de que ello sea manifestado de modo expreso.<\/p>\n<p style=\"text-align: justify;\">Si bien <strong>Provincia Casa Financiera<\/strong> pretende que la informaci\u00f3n brindada a los usuarios en su sitio sea veraz y completa, es posible la existencia de informaci\u00f3n parcial o incluso err\u00f3nea. La veracidad y la completitud de los datos contenidos en este sitio no son garantizados por <strong>Provincia Casa Financiera<\/strong>. Asimismo, tampoco garantiza que los servidores no contengan virus inform\u00e1ticos o cualquier otro elemento capaz de generar da\u00f1os o la interrupci\u00f3n del funcionamiento del sitio. La informaci\u00f3n contenida en el sitio (as\u00ed como el presente aviso legal) est\u00e1 sujeta a la correcci\u00f3n o modificaci\u00f3n por parte de <strong>Provincia Casa Financiera<\/strong> sin aviso previo a los usuarios.<\/p>\n<p style=\"text-align: justify;\">En ning\u00fan caso <strong>Provincia Casa Financiera<\/strong> podr\u00e1 ser responsabilizada por cualquier da\u00f1o, ya sea directo o indirecto, ocasionado por el uso o interrupci\u00f3n del uso (u otras circunstancias) de este sitio, a\u00fan en los casos en que <strong>Provincia Casa Financiera<\/strong> haya sido advertido de la posibilidad de que dicho suceso ocurra. Adem\u00e1s, <strong>Provincia Casa Financiera<\/strong> no ser\u00e1 responsable por los da\u00f1os y perjuicios causados por los siguientes eventos: mal uso del sitio, errores, omisiones, interrupciones, defectos, retrasos en transmisiones, elementos da\u00f1inos inform\u00e1ticos (como virus), comunicaciones, robos o accesos no autorizados, o cualquier otra circunstancia, salvo en aquellos casos en que exista dolo o culpa grave de <strong>Provincia Casa Financiera<\/strong>.<\/p>\n<p style=\"text-align: justify;\">Es importante destacar que las cotizaciones de monedas contenidas en este sitio, est\u00e1n actualizadas conforme los valores correspondientes al \u00faltimo cierre disponible.<\/p>\n ","protected":false},"excerpt":{"rendered":"<p>Este sitio, y los derechos de Propiedad Intelectual, explotaci\u00f3n y reproducci\u00f3n de sus p\u00e1ginas, pantallas e informaci\u00f3n que en ellos se contiene son propiedad exclusiva de Provincia Casa Financiera. Queda expresamente prohibida tanto la descarga de contenidos, como copiar o &hellip; <a href=\"https:\/\/www.provincia.com.uy\/index.php\/aviso-legal\/\">Sigue leyendo <span class=\"meta-nav\">&rarr;<\/span><\/a><\/p>\n","protected":false},"author":4,"featured_media":0,"parent":0,"menu_order":0,"comment_status":"open","ping_status":"open","template":"","meta":{"footnotes":""},"class_list":["post-30","page","type-page","status-publish","hentry"],"_links":{"self":[{"href":"https:\/\/www.provincia.com.uy\/index.php\/wp-json\/wp\/v2\/pages\/30","targetHints":{"allow":["GET"]}}],"collection":[{"href":"https:\/\/www.provincia.com.uy\/index.php\/wp-json\/wp\/v2\/pages"}],"about":[{"href":"https:\/\/www.provincia.com.uy\/index.php\/wp-json\/wp\/v2\/types\/page"}],"author":[{"embeddable":true,"href":"https:\/\/www.provincia.com.uy\/index.php\/wp-json\/wp\/v2\/users\/4"}],"replies":[{"embeddable":true,"href":"https:\/\/www.provincia.com.uy\/index.php\/wp-json\/wp\/v2\/comments?post=30"}],"version-history":[{"count":6,"href":"https:\/\/www.provincia.com.uy\/index.php\/wp-json\/wp\/v2\/pages\/30\/revisions"}],"predecessor-version":[{"id":688,"href":"https:\/\/www.provincia.com.uy\/index.php\/wp-json\/wp\/v2\/pages\/30\/revisions\/688"}],"wp:attachment":[{"href":"https:\/\/www.provincia.com.uy\/index.php\/wp-json\/wp\/v2\/media?parent=30"}],"curies":[{"name":"wp","href":"https:\/\/api.w.org\/{rel}","templated":true}]}}