{"id":28,"date":"2012-05-19T22:57:59","date_gmt":"2012-05-19T22:57:59","guid":{"rendered":"http:\/\/172.20.1.223\/?page_id=28"},"modified":"2021-06-18T14:24:38","modified_gmt":"2021-06-18T17:24:38","slug":"informacion-de-utilidad","status":"publish","type":"page","link":"https:\/\/www.provincia.com.uy\/index.php\/informacion-de-utilidad\/","title":{"rendered":"Informaci\u00f3n de Utilidad"},"content":{"rendered":"<ul>\n<li><span style=\"text-decoration: underline;\"><strong>Informe Anual de Gobierno Corporativo<\/strong><\/span><\/li>\n<\/ul>\n<p style=\"text-align: justify;\">Informe de car\u00e1cter anual, relacionado al cierre de ejercicio sobre el gobierno corporativo, el citado informe contiene la estructura de propiedad, administraci\u00f3n y control, el sistema de gesti\u00f3n integral de riesgos, y otras informaciones de inter\u00e9s.<\/p>\n<ul>\n<li style=\"list-style-type: none;\">\n<ul>\n<li><a href=\"..\/..\/wp-content\/uploads\/2012\/07\/Informe-Anual-de-Gobierno-Corporativo.pdf\">Descargar Informe Anual de Gobierno Corporativo<\/a><\/li>\n<\/ul>\n<\/li>\n<\/ul>\n<div>\u00a0<\/div>\n<ul>\n<li><span style=\"text-decoration: underline;\"><strong>Manual de Buenas Practicas Bancarias<\/strong><\/span><\/li>\n<\/ul>\n<p style=\"text-align: justify;\">El presente C\u00f3digo tiene por finalidad estipular principios y valores generales que rijan las actuaciones de Provincia Casa Financiera, fomentando la diligencia, transparencia y veracidad de la informaci\u00f3n suministrada en relaci\u00f3n a los servicios que presta.<\/p>\n<ul>\n<li style=\"list-style-type: none;\">\n<ul>\n<li><a href=\"..\/..\/wp-content\/uploads\/2012\/07\/Manual-de-Buenas-Practica-Bancarias.pdf\">Descargar Manual de Buenas Pr\u00e1cticas Bancarias<\/a><\/li>\n<\/ul>\n<\/li>\n<\/ul>\n<div>\u00a0<\/div>\n<ul>\n<li><strong><span style=\"text-align: justify; text-decoration: underline;\">C\u00f3digo de \u00c9tica<\/span><\/strong><\/li>\n<\/ul>\n<p style=\"text-align: justify;\">El c\u00f3digo de \u00e9tica es una gu\u00eda de conducta que recoge un conjunto de criterios y pautas de comportamiento deseable, a aplicar a las actividades desarrolladas por el personal de Provincia Casa Financiera.<\/p>\n<ul>\n<li style=\"list-style-type: none;\">\n<ul>\n<li><a href=\"..\/..\/wp-content\/uploads\/2012\/07\/Codigo-de-Etica.pdf\">Descargar C\u00f3digo de \u00c9tica<\/a><\/li>\n<\/ul>\n<\/li>\n<\/ul>\n<div>\u00a0<\/div>\n<ul>\n<li><strong><span style=\"text-align: justify; text-decoration: underline;\">Tabla de Comisiones<\/span><\/strong><\/li>\n<\/ul>\n<p style=\"text-align: justify;\">La tabla de Comisiones compila las comisiones y tarifas vigentes en relaci\u00f3n a los productos y servicios ofrecidos por Provincia Casa Financiera.<\/p>\n<ul>\n<li style=\"list-style-type: none;\">\n<ul>\n<li><a href=\"..\/..\/wp-content\/uploads\/2012\/07\/Tabla-Comisiones.pdf\">Descargar Tabla de Comisiones Vigentes<\/a><\/li>\n<\/ul>\n<\/li>\n<\/ul>\n<ul>\n<li><strong><span style=\"text-align: justify; text-decoration: underline;\">Formulario de Apertura de Cuenta<\/span><\/strong><\/li>\n<\/ul>\n<p style=\"text-align: justify;\">Formulario de Apertura.<\/p>\n<ul>\n<li style=\"list-style-type: none;\">\n<ul>\n<li><a href=\"..\/..\/wp-content\/uploads\/2012\/07\/Apertura-Cuenta.pdf\">Descargar Formulario de Apertura de Cuenta<\/a><\/li>\n<\/ul>\n<\/li>\n<\/ul>\n<ul>\n<li><strong><span style=\"text-align: justify; text-decoration: underline;\">Consulta de Facturaci\u00f3n Electr\u00f3nica<\/span><\/strong><\/li>\n<\/ul>\n<p style=\"text-align: justify;\">En el siguiente enlace, podr\u00e1n visualizar los comprobantes de factura electr\u00f3nica generados por Provincia Casa Financiera.<\/p>\n<ul>\n<li style=\"list-style-type: none;\">\n<ul>\n<li><a title=\"Consulta de Factura Electr\u00f3nica\" href=\"..\/..\/wp-content\/consultaweb.php\" target=\"_blank\" rel=\"noopener\">Visualizaci\u00f3n de Comprobante de Facturaci\u00f3n Electr\u00f3nica<\/a><\/li>\n<\/ul>\n<\/li>\n<\/ul>\n\n\n<p><\/p>\n ","protected":false},"excerpt":{"rendered":"<p>Informe Anual de Gobierno Corporativo Informe de car\u00e1cter anual, relacionado al cierre de ejercicio sobre el gobierno corporativo, el citado informe contiene la estructura de propiedad, administraci\u00f3n y control, el sistema de gesti\u00f3n integral de riesgos, y otras informaciones de &hellip; <a href=\"https:\/\/www.provincia.com.uy\/index.php\/informacion-de-utilidad\/\">Sigue leyendo <span class=\"meta-nav\">&rarr;<\/span><\/a><\/p>\n","protected":false},"author":4,"featured_media":0,"parent":0,"menu_order":0,"comment_status":"open","ping_status":"open","template":"","meta":{"footnotes":""},"class_list":["post-28","page","type-page","status-publish","hentry"],"_links":{"self":[{"href":"https:\/\/www.provincia.com.uy\/index.php\/wp-json\/wp\/v2\/pages\/28","targetHints":{"allow":["GET"]}}],"collection":[{"href":"https:\/\/www.provincia.com.uy\/index.php\/wp-json\/wp\/v2\/pages"}],"about":[{"href":"https:\/\/www.provincia.com.uy\/index.php\/wp-json\/wp\/v2\/types\/page"}],"author":[{"embeddable":true,"href":"https:\/\/www.provincia.com.uy\/index.php\/wp-json\/wp\/v2\/users\/4"}],"replies":[{"embeddable":true,"href":"https:\/\/www.provincia.com.uy\/index.php\/wp-json\/wp\/v2\/comments?post=28"}],"version-history":[{"count":55,"href":"https:\/\/www.provincia.com.uy\/index.php\/wp-json\/wp\/v2\/pages\/28\/revisions"}],"predecessor-version":[{"id":1004,"href":"https:\/\/www.provincia.com.uy\/index.php\/wp-json\/wp\/v2\/pages\/28\/revisions\/1004"}],"wp:attachment":[{"href":"https:\/\/www.provincia.com.uy\/index.php\/wp-json\/wp\/v2\/media?parent=28"}],"curies":[{"name":"wp","href":"https:\/\/api.w.org\/{rel}","templated":true}]}}