{"id":265,"date":"2012-06-08T13:14:34","date_gmt":"2012-06-08T13:14:34","guid":{"rendered":"http:\/\/172.20.1.223\/bapro\/?page_id=265"},"modified":"2025-02-20T16:39:16","modified_gmt":"2025-02-20T19:39:16","slug":"contacto","status":"publish","type":"page","link":"https:\/\/www.provincia.com.uy\/index.php\/centro-de-contacto\/contacto\/","title":{"rendered":"Contacto"},"content":{"rendered":"<p><strong>Gerente General:<\/strong><\/p>\n<p>Cr. Guillermo Lemmo<\/p>\n<p><strong>Direcci\u00f3n:<\/strong><\/p>\n<p>Complejo World Trade Center Montevideo<br \/>Luis A. de Herrera 1248 Torre 2 Of. 111 CP 11.300 <a title=\"\u00bfC\u00f3mo llegar?\" href=\"..\/como-llegar\/\">\u00bfC\u00f3mo llegar hasta aqu\u00ed?<\/a><br \/>Montevideo Uruguay<\/p>\n<p class=\"telefono\"><strong>Tel\u00e9fonos:<\/strong> (+598) 2628 9892 \u2013 2628 0348<br \/><strong>Fax:<\/strong> (+598) 2623 5556<\/p>\n<p><strong>Email:<\/strong>\u00a0<a href=\"mailto:provincia@provincia.com.uy\" data-wplink-edit=\"true\">provincia@provincia.com.uy<\/a><br \/><strong>SWIFT:<\/strong> PRBAUYMM<\/p>\n<p>\u00a0<\/p>\n\n\n<div class=\"wp-block-contact-form-7-contact-form-selector\"><div role=\"form\" class=\"wpcf7\" id=\"wpcf7-f997-o1\" lang=\"es-ES\" dir=\"ltr\">\n<div class=\"screen-reader-response\"><p role=\"status\" aria-live=\"polite\" aria-atomic=\"true\"><\/p> <ul><\/ul><\/div>\n<form action=\"\/index.php\/wp-json\/wp\/v2\/pages\/265#wpcf7-f997-o1\" method=\"post\" class=\"wpcf7-form init\" novalidate=\"novalidate\" data-status=\"init\">\n<div style=\"display: none;\">\n<input type=\"hidden\" name=\"_wpcf7\" value=\"997\" \/>\n<input type=\"hidden\" name=\"_wpcf7_version\" value=\"5.4.1\" \/>\n<input type=\"hidden\" name=\"_wpcf7_locale\" value=\"es_ES\" \/>\n<input type=\"hidden\" name=\"_wpcf7_unit_tag\" value=\"wpcf7-f997-o1\" \/>\n<input type=\"hidden\" name=\"_wpcf7_container_post\" value=\"0\" \/>\n<input type=\"hidden\" name=\"_wpcf7_posted_data_hash\" value=\"\" \/>\n<\/div>\n<p><label> Tu nombre<br \/>\n    <span class=\"wpcf7-form-control-wrap your-name\"><input type=\"text\" name=\"your-name\" value=\"\" size=\"40\" class=\"wpcf7-form-control wpcf7-text wpcf7-validates-as-required\" aria-required=\"true\" aria-invalid=\"false\" \/><\/span> <\/label><\/p>\n<p><label> Tu correo electr\u00f3nico<br \/>\n    <span class=\"wpcf7-form-control-wrap your-email\"><input type=\"email\" name=\"your-email\" value=\"\" size=\"40\" class=\"wpcf7-form-control wpcf7-text wpcf7-email wpcf7-validates-as-required wpcf7-validates-as-email\" aria-required=\"true\" aria-invalid=\"false\" \/><\/span> <\/label><\/p>\n<p><label> Asunto<br \/>\n    <span class=\"wpcf7-form-control-wrap your-subject\"><input type=\"text\" name=\"your-subject\" value=\"\" size=\"40\" class=\"wpcf7-form-control wpcf7-text wpcf7-validates-as-required\" aria-required=\"true\" aria-invalid=\"false\" \/><\/span> <\/label><\/p>\n<p><label> Tu mensaje (opcional)<br \/>\n    <span class=\"wpcf7-form-control-wrap your-message\"><textarea name=\"your-message\" cols=\"40\" rows=\"10\" class=\"wpcf7-form-control wpcf7-textarea\" aria-invalid=\"false\"><\/textarea><\/span> <\/label><\/p>\n<p><input type=\"submit\" value=\"Enviar\" class=\"wpcf7-form-control wpcf7-submit\" \/><\/p>\n<div class=\"wpcf7-response-output\" aria-hidden=\"true\"><\/div><\/form><\/div><\/div>\n\n\n\n<p><\/p>\n\n\n\n<p><\/p>\n ","protected":false},"excerpt":{"rendered":"<p>Gerente General: Cr. Guillermo Lemmo Direcci\u00f3n: Complejo World Trade Center MontevideoLuis A. de Herrera 1248 Torre 2 Of. 111 CP 11.300 \u00bfC\u00f3mo llegar hasta aqu\u00ed?Montevideo Uruguay Tel\u00e9fonos: (+598) 2628 9892 \u2013 2628 0348Fax: (+598) 2623 5556 Email:\u00a0provincia@provincia.com.uySWIFT: PRBAUYMM \u00a0<\/p>\n","protected":false},"author":4,"featured_media":0,"parent":26,"menu_order":0,"comment_status":"open","ping_status":"open","template":"contactenos.php","meta":{"footnotes":""},"class_list":["post-265","page","type-page","status-publish","hentry"],"_links":{"self":[{"href":"https:\/\/www.provincia.com.uy\/index.php\/wp-json\/wp\/v2\/pages\/265","targetHints":{"allow":["GET"]}}],"collection":[{"href":"https:\/\/www.provincia.com.uy\/index.php\/wp-json\/wp\/v2\/pages"}],"about":[{"href":"https:\/\/www.provincia.com.uy\/index.php\/wp-json\/wp\/v2\/types\/page"}],"author":[{"embeddable":true,"href":"https:\/\/www.provincia.com.uy\/index.php\/wp-json\/wp\/v2\/users\/4"}],"replies":[{"embeddable":true,"href":"https:\/\/www.provincia.com.uy\/index.php\/wp-json\/wp\/v2\/comments?post=265"}],"version-history":[{"count":35,"href":"https:\/\/www.provincia.com.uy\/index.php\/wp-json\/wp\/v2\/pages\/265\/revisions"}],"predecessor-version":[{"id":1001,"href":"https:\/\/www.provincia.com.uy\/index.php\/wp-json\/wp\/v2\/pages\/265\/revisions\/1001"}],"up":[{"embeddable":true,"href":"https:\/\/www.provincia.com.uy\/index.php\/wp-json\/wp\/v2\/pages\/26"}],"wp:attachment":[{"href":"https:\/\/www.provincia.com.uy\/index.php\/wp-json\/wp\/v2\/media?parent=265"}],"curies":[{"name":"wp","href":"https:\/\/api.w.org\/{rel}","templated":true}]}}