{"id":22,"date":"2012-05-19T22:56:49","date_gmt":"2012-05-19T22:56:49","guid":{"rendered":"http:\/\/172.20.1.223\/?page_id=22"},"modified":"2021-06-18T16:15:01","modified_gmt":"2021-06-18T19:15:01","slug":"inversiones","status":"publish","type":"page","link":"https:\/\/www.provincia.com.uy\/index.php\/inversiones\/","title":{"rendered":"Inversiones"},"content":{"rendered":"<p><strong>\u00bfQui\u00e9nes somos?<\/strong><\/p>\n<p style=\"text-align: justify;\">Somos un grupo de profesionales especializados en inversiones financieras, con vasta experiencia y trayectoria, tanto en el mercado local, como en el internacional. Utilizamos los m\u00e1s sofisticados sistemas de informaci\u00f3n a efectos de lograr la mayor eficiencia y los precios m\u00e1s competitivos. Nuestro personal cuenta con un alto nivel de capacitaci\u00f3n, el cual es continuamente actualizado para afrontar con responsabilidad los nuevos desaf\u00edos de los din\u00e1micos mercados financieros.<\/p>\n<p><strong>Beneficios de operar con Nosotros<\/strong><\/p>\n<ul>\n<li style=\"text-align: justify;\">Atenci\u00f3n personalizada: determinamos para cada cliente los instrumentos adecuados a sus caracter\u00edsticas y objetivos de inversi\u00f3n.<\/li>\n<li style=\"text-align: justify;\">Privacidad, confidencialidad y comodidad: en nuestras nuevas oficinas en el WTC.<\/li>\n<li style=\"text-align: justify;\">Simplicidad: reducimos los procesos administrativos.<\/li>\n<li style=\"text-align: justify;\">Costos: Nuestras comisiones son las m\u00e1s competitivas de la Plaza, con un objetivo claro de crecimiento en nuestro Departamento.<\/li>\n<li style=\"text-align: justify;\">Brindamos las mejores alternativas de servicio para sus ahorros, con la mayor claridad y trasparencia en la informaci\u00f3n brindada.<\/li>\n<li style=\"text-align: justify;\">Flexibilidad y rapidez para adaptar sus inversiones a los distintos escenarios.<\/li>\n<li style=\"text-align: justify;\">Informes del Mercado Financiero: v\u00eda e-mail.<\/li>\n<\/ul>\n\n\n<p><\/p>\n ","protected":false},"excerpt":{"rendered":"<p>\u00bfQui\u00e9nes somos? Somos un grupo de profesionales especializados en inversiones financieras, con vasta experiencia y trayectoria, tanto en el mercado local, como en el internacional. Utilizamos los m\u00e1s sofisticados sistemas de informaci\u00f3n a efectos de lograr la mayor eficiencia y &hellip; <a href=\"https:\/\/www.provincia.com.uy\/index.php\/inversiones\/\">Sigue leyendo <span class=\"meta-nav\">&rarr;<\/span><\/a><\/p>\n","protected":false},"author":4,"featured_media":0,"parent":0,"menu_order":0,"comment_status":"open","ping_status":"open","template":"inversiones.php","meta":{"footnotes":""},"class_list":["post-22","page","type-page","status-publish","hentry"],"_links":{"self":[{"href":"https:\/\/www.provincia.com.uy\/index.php\/wp-json\/wp\/v2\/pages\/22","targetHints":{"allow":["GET"]}}],"collection":[{"href":"https:\/\/www.provincia.com.uy\/index.php\/wp-json\/wp\/v2\/pages"}],"about":[{"href":"https:\/\/www.provincia.com.uy\/index.php\/wp-json\/wp\/v2\/types\/page"}],"author":[{"embeddable":true,"href":"https:\/\/www.provincia.com.uy\/index.php\/wp-json\/wp\/v2\/users\/4"}],"replies":[{"embeddable":true,"href":"https:\/\/www.provincia.com.uy\/index.php\/wp-json\/wp\/v2\/comments?post=22"}],"version-history":[{"count":8,"href":"https:\/\/www.provincia.com.uy\/index.php\/wp-json\/wp\/v2\/pages\/22\/revisions"}],"predecessor-version":[{"id":969,"href":"https:\/\/www.provincia.com.uy\/index.php\/wp-json\/wp\/v2\/pages\/22\/revisions\/969"}],"wp:attachment":[{"href":"https:\/\/www.provincia.com.uy\/index.php\/wp-json\/wp\/v2\/media?parent=22"}],"curies":[{"name":"wp","href":"https:\/\/api.w.org\/{rel}","templated":true}]}}