{"id":20,"date":"2012-05-19T22:56:30","date_gmt":"2012-05-19T22:56:30","guid":{"rendered":"http:\/\/172.20.1.223\/?page_id=20"},"modified":"2012-10-04T18:50:05","modified_gmt":"2012-10-04T21:50:05","slug":"comercio-exterior","status":"publish","type":"page","link":"https:\/\/www.provincia.com.uy\/index.php\/comercio-exterior\/","title":{"rendered":"Comercio Exterior"},"content":{"rendered":"<p style=\"text-align: justify;\">Provincia Casa Financiera pone a disposici\u00f3n de su empresa una dilatada experiencia en el comercio exterior, as\u00ed como un equipo de expertos en la materia, que le ofrecer\u00e1n un asesoramiento integral para el desarrollo de sus negocios internacionales, aprovechando las ventajas de tener presencia en Argentina y en Brasil a trav\u00e9s de nuestra Sucursal en San Pablo.<\/p>\n<p><img loading=\"lazy\" decoding=\"async\" class=\"alignleft size-full wp-image-569\" title=\"Personas trabajando\" src=\"https:\/\/www.provincia.com.uy\/wp-content\/uploads\/2012\/05\/foto-creditos-ch2.jpg\" alt=\"Personal trabajando en el Puerto de Montevideo\" width=\"724\" height=\"407\" srcset=\"https:\/\/www.provincia.com.uy\/wp-content\/uploads\/2012\/05\/foto-creditos-ch2.jpg 724w, https:\/\/www.provincia.com.uy\/wp-content\/uploads\/2012\/05\/foto-creditos-ch2-300x168.jpg 300w\" sizes=\"auto, (max-width: 724px) 100vw, 724px\" \/><\/p>\n ","protected":false},"excerpt":{"rendered":"<p>Provincia Casa Financiera pone a disposici\u00f3n de su empresa una dilatada experiencia en el comercio exterior, as\u00ed como un equipo de expertos en la materia, que le ofrecer\u00e1n un asesoramiento integral para el desarrollo de sus negocios internacionales, aprovechando las &hellip; <a href=\"https:\/\/www.provincia.com.uy\/index.php\/comercio-exterior\/\">Sigue leyendo <span class=\"meta-nav\">&rarr;<\/span><\/a><\/p>\n","protected":false},"author":4,"featured_media":0,"parent":0,"menu_order":0,"comment_status":"open","ping_status":"open","template":"comercio-exterior.php","meta":{"footnotes":""},"class_list":["post-20","page","type-page","status-publish","hentry"],"_links":{"self":[{"href":"https:\/\/www.provincia.com.uy\/index.php\/wp-json\/wp\/v2\/pages\/20","targetHints":{"allow":["GET"]}}],"collection":[{"href":"https:\/\/www.provincia.com.uy\/index.php\/wp-json\/wp\/v2\/pages"}],"about":[{"href":"https:\/\/www.provincia.com.uy\/index.php\/wp-json\/wp\/v2\/types\/page"}],"author":[{"embeddable":true,"href":"https:\/\/www.provincia.com.uy\/index.php\/wp-json\/wp\/v2\/users\/4"}],"replies":[{"embeddable":true,"href":"https:\/\/www.provincia.com.uy\/index.php\/wp-json\/wp\/v2\/comments?post=20"}],"version-history":[{"count":32,"href":"https:\/\/www.provincia.com.uy\/index.php\/wp-json\/wp\/v2\/pages\/20\/revisions"}],"predecessor-version":[{"id":410,"href":"https:\/\/www.provincia.com.uy\/index.php\/wp-json\/wp\/v2\/pages\/20\/revisions\/410"}],"wp:attachment":[{"href":"https:\/\/www.provincia.com.uy\/index.php\/wp-json\/wp\/v2\/media?parent=20"}],"curies":[{"name":"wp","href":"https:\/\/api.w.org\/{rel}","templated":true}]}}