{"id":190,"date":"2012-06-05T03:29:06","date_gmt":"2012-06-05T03:29:06","guid":{"rendered":"http:\/\/172.20.1.223\/?page_id=190"},"modified":"2012-09-06T22:27:40","modified_gmt":"2012-09-06T22:27:40","slug":"custodia-de-valores","status":"publish","type":"page","link":"https:\/\/www.provincia.com.uy\/index.php\/inversiones\/custodia-de-valores\/","title":{"rendered":"Custodia de Valores"},"content":{"rendered":"<p style=\"text-align: justify;\">Ofrecemos un completo servicio de custodia de:<\/p>\n<ul>\n<li>Instrumentos de renta variable<\/li>\n<li>Renta fija<\/li>\n<li>ETF\u00b4s.<\/li>\n<\/ul>\n<p style=\"text-align: justify;\">Los valores locales se custodian directamente en nuestra cuenta con el Banco Central del Uruguay.<\/p>\n<div>Para el resto, utilizamos los Clearinghouses con m\u00e1s alta calificaci\u00f3n a nivel internacional, por ejemplo: Euroclear, uno de nuestros custodios, en febrero del 2012 se le asign\u00f3 la calificaci\u00f3n internacional de largo plazo por Standard &amp; Poors de: <strong>AA.<\/strong><\/div>\n<div><\/div>\n<p>Al custodiar sus valores con nosotros le damos la posibilidad de administrar de forma eficiente su cartera, asisti\u00e9ndolos en todo el proceso de inversi\u00f3n, administrando los cobros de inter\u00e9s, dividendos, amortizaciones y avisos.<\/p>\n<p style=\"text-align: justify;\">Nuestro servicio de custodia, incluye una completa entrega de informaci\u00f3n sobre los valores mantenidos en custodia, que le permite estar informado de todos sus movimientos de su portafolio durante el periodo, as\u00ed como la valorizaci\u00f3n a Mercado del mismo.<\/p>\n<p style=\"text-align: justify;\">Ofrecemos total seguridad, y la m\u00e1s estricta confidencialidad en la informaci\u00f3n disponible sobre nuestros clientes, cumpliendo con las regulaciones locales sobre el Secreto Bancario.<\/p>\n ","protected":false},"excerpt":{"rendered":"<p>Ofrecemos un completo servicio de custodia de: Instrumentos de renta variable Renta fija ETF\u00b4s. Los valores locales se custodian directamente en nuestra cuenta con el Banco Central del Uruguay. Para el resto, utilizamos los Clearinghouses con m\u00e1s alta calificaci\u00f3n a &hellip; <a href=\"https:\/\/www.provincia.com.uy\/index.php\/inversiones\/custodia-de-valores\/\">Sigue leyendo <span class=\"meta-nav\">&rarr;<\/span><\/a><\/p>\n","protected":false},"author":4,"featured_media":0,"parent":22,"menu_order":0,"comment_status":"open","ping_status":"open","template":"","meta":{"footnotes":""},"class_list":["post-190","page","type-page","status-publish","hentry"],"_links":{"self":[{"href":"https:\/\/www.provincia.com.uy\/index.php\/wp-json\/wp\/v2\/pages\/190","targetHints":{"allow":["GET"]}}],"collection":[{"href":"https:\/\/www.provincia.com.uy\/index.php\/wp-json\/wp\/v2\/pages"}],"about":[{"href":"https:\/\/www.provincia.com.uy\/index.php\/wp-json\/wp\/v2\/types\/page"}],"author":[{"embeddable":true,"href":"https:\/\/www.provincia.com.uy\/index.php\/wp-json\/wp\/v2\/users\/4"}],"replies":[{"embeddable":true,"href":"https:\/\/www.provincia.com.uy\/index.php\/wp-json\/wp\/v2\/comments?post=190"}],"version-history":[{"count":13,"href":"https:\/\/www.provincia.com.uy\/index.php\/wp-json\/wp\/v2\/pages\/190\/revisions"}],"predecessor-version":[{"id":365,"href":"https:\/\/www.provincia.com.uy\/index.php\/wp-json\/wp\/v2\/pages\/190\/revisions\/365"}],"up":[{"embeddable":true,"href":"https:\/\/www.provincia.com.uy\/index.php\/wp-json\/wp\/v2\/pages\/22"}],"wp:attachment":[{"href":"https:\/\/www.provincia.com.uy\/index.php\/wp-json\/wp\/v2\/media?parent=190"}],"curies":[{"name":"wp","href":"https:\/\/api.w.org\/{rel}","templated":true}]}}