{"id":185,"date":"2012-06-05T03:24:35","date_gmt":"2012-06-05T03:24:35","guid":{"rendered":"http:\/\/172.20.1.223\/?page_id=185"},"modified":"2015-11-10T16:43:59","modified_gmt":"2015-11-10T19:43:59","slug":"plazos-fijos-en-usd","status":"publish","type":"page","link":"https:\/\/www.provincia.com.uy\/index.php\/inversiones\/plazos-fijos-en-usd\/","title":{"rendered":"Plazos Fijos en USD"},"content":{"rendered":"<p>Esta alternativa, exclusiva para no residentes, le brinda una renta de acuerdo al plazo de colocaci\u00f3n de la imposici\u00f3n y ofrece la comodidad de optar por la renovaci\u00f3n autom\u00e1tica.<\/p>\n<p>Seguridad y secreto son las caracter\u00edsticas que distinguen a este producto, que ofrece \u00f3ptima rentabilidad comparado con productos similares en plazas off shore.<\/p>\n<p style=\"text-align: justify;\"><strong>Plazo m\u00ednimo:<\/strong> 30 d\u00edas.<\/p>\n<p style=\"text-align: justify;\"><strong>Dep\u00f3sito inicial m\u00ednimo:<\/strong>\u00a0 USD 10.000.<strong> (*)<\/strong><\/p>\n<p><strong>(*)<\/strong> Para dep\u00f3sitos mayores a 1 mill\u00f3n de USD, consulte.<\/p>\n<p><img loading=\"lazy\" decoding=\"async\" width=\"300\" height=\"200\" class=\" wp-image-393 alignleft\" style=\"margin-top: 20px; margin-right: 50px;\" title=\"Plazo Fijo\" src=\"..\/..\/wp-content\/uploads\/2012\/06\/Plazo-Fijo-300x200.jpg\" alt=\"\" srcset=\"https:\/\/www.provincia.com.uy\/wp-content\/uploads\/2012\/06\/Plazo-Fijo-300x200.jpg 300w, https:\/\/www.provincia.com.uy\/wp-content\/uploads\/2012\/06\/Plazo-Fijo-1024x682.jpg 1024w\" sizes=\"auto, (max-width: 300px) 100vw, 300px\" \/><\/p>\n<table class=\"calculador-lrm alignleft\">\n<thead>\n<tr style=\"background-color: #eee;\">\n<th style=\"padding: 4px;\" colspan=\"2\">Tasas para Plazos Fijos en USD<\/th>\n<\/tr>\n<\/thead>\n<tbody>\n<tr style=\"text-align: center;\">\n<th>Desde<\/th>\n<th>Tasa<\/th>\n<\/tr>\n<tr>\n<td style=\"padding: 5px 25px;\">30 d\u00edas<\/td>\n<td style=\"padding: 5px 25px;\">0,15%<\/td>\n<\/tr>\n<tr>\n<td style=\"padding: 5px 25px;\">60 d\u00edas<\/td>\n<td style=\"padding: 5px 25px;\">0,20%<\/td>\n<\/tr>\n<tr>\n<td style=\"padding: 5px 25px;\">90 d\u00edas<\/td>\n<td style=\"padding: 5px 25px;\">0,25%<\/td>\n<\/tr>\n<tr>\n<td style=\"padding: 5px 25px;\">180 d\u00edas<\/td>\n<td style=\"padding: 5px 25px;\">0,55%<\/td>\n<\/tr>\n<tr>\n<td style=\"border-bottom: inherit; padding: 5px 25px;\">360 d\u00edas<\/td>\n<td style=\"border-bottom: inherit; padding: 5px 25px;\">0,60%<\/td>\n<\/tr>\n<\/tbody>\n<\/table>\n ","protected":false},"excerpt":{"rendered":"<p>Esta alternativa, exclusiva para no residentes, le brinda una renta de acuerdo al plazo de colocaci\u00f3n de la imposici\u00f3n y ofrece la comodidad de optar por la renovaci\u00f3n autom\u00e1tica. Seguridad y secreto son las caracter\u00edsticas que distinguen a este producto, &hellip; <a href=\"https:\/\/www.provincia.com.uy\/index.php\/inversiones\/plazos-fijos-en-usd\/\">Sigue leyendo <span class=\"meta-nav\">&rarr;<\/span><\/a><\/p>\n","protected":false},"author":4,"featured_media":0,"parent":22,"menu_order":0,"comment_status":"open","ping_status":"open","template":"","meta":{"footnotes":""},"class_list":["post-185","page","type-page","status-publish","hentry"],"_links":{"self":[{"href":"https:\/\/www.provincia.com.uy\/index.php\/wp-json\/wp\/v2\/pages\/185","targetHints":{"allow":["GET"]}}],"collection":[{"href":"https:\/\/www.provincia.com.uy\/index.php\/wp-json\/wp\/v2\/pages"}],"about":[{"href":"https:\/\/www.provincia.com.uy\/index.php\/wp-json\/wp\/v2\/types\/page"}],"author":[{"embeddable":true,"href":"https:\/\/www.provincia.com.uy\/index.php\/wp-json\/wp\/v2\/users\/4"}],"replies":[{"embeddable":true,"href":"https:\/\/www.provincia.com.uy\/index.php\/wp-json\/wp\/v2\/comments?post=185"}],"version-history":[{"count":44,"href":"https:\/\/www.provincia.com.uy\/index.php\/wp-json\/wp\/v2\/pages\/185\/revisions"}],"predecessor-version":[{"id":353,"href":"https:\/\/www.provincia.com.uy\/index.php\/wp-json\/wp\/v2\/pages\/185\/revisions\/353"}],"up":[{"embeddable":true,"href":"https:\/\/www.provincia.com.uy\/index.php\/wp-json\/wp\/v2\/pages\/22"}],"wp:attachment":[{"href":"https:\/\/www.provincia.com.uy\/index.php\/wp-json\/wp\/v2\/media?parent=185"}],"curies":[{"name":"wp","href":"https:\/\/api.w.org\/{rel}","templated":true}]}}