{"id":178,"date":"2012-06-05T03:21:22","date_gmt":"2012-06-05T03:21:22","guid":{"rendered":"http:\/\/172.20.1.223\/?page_id=178"},"modified":"2014-08-13T13:14:51","modified_gmt":"2014-08-13T16:14:51","slug":"prestamos-a-plazo-fijo","status":"publish","type":"page","link":"https:\/\/www.provincia.com.uy\/index.php\/creditos\/prestamos-a-plazo-fijo\/","title":{"rendered":"Pr\u00e9stamos a plazo fijo"},"content":{"rendered":"<p><strong>Destino:<\/strong><\/p>\n<ul>\n<li>Atender necesidades de capital de giro o evoluci\u00f3n de corto plazo.<\/li>\n<li>Financiaci\u00f3n de importaciones<\/li>\n<li>Financiaci\u00f3n de exportaciones<\/li>\n<\/ul>\n<p><strong>Beneficiarios:<\/strong> Personas jur\u00eddicas debidamente calificadas.<\/p>\n<p><strong>Plazo M\u00e1ximo:<\/strong> Hasta 180 d\u00edas<\/p>\n<p><strong>Moneda:<\/strong> Moneda extranjera \/ Moneda nacional.<\/p>\n<p><strong>Garant\u00eda:<\/strong> A satisfacci\u00f3n del Provincia Casa Financiera.<\/p>\n ","protected":false},"excerpt":{"rendered":"<p>Destino: Atender necesidades de capital de giro o evoluci\u00f3n de corto plazo. Financiaci\u00f3n de importaciones Financiaci\u00f3n de exportaciones Beneficiarios: Personas jur\u00eddicas debidamente calificadas. Plazo M\u00e1ximo: Hasta 180 d\u00edas Moneda: Moneda extranjera \/ Moneda nacional. Garant\u00eda: A satisfacci\u00f3n del Provincia Casa &hellip; <a href=\"https:\/\/www.provincia.com.uy\/index.php\/creditos\/prestamos-a-plazo-fijo\/\">Sigue leyendo <span class=\"meta-nav\">&rarr;<\/span><\/a><\/p>\n","protected":false},"author":4,"featured_media":0,"parent":16,"menu_order":0,"comment_status":"open","ping_status":"open","template":"","meta":{"footnotes":""},"class_list":["post-178","page","type-page","status-publish","hentry"],"_links":{"self":[{"href":"https:\/\/www.provincia.com.uy\/index.php\/wp-json\/wp\/v2\/pages\/178","targetHints":{"allow":["GET"]}}],"collection":[{"href":"https:\/\/www.provincia.com.uy\/index.php\/wp-json\/wp\/v2\/pages"}],"about":[{"href":"https:\/\/www.provincia.com.uy\/index.php\/wp-json\/wp\/v2\/types\/page"}],"author":[{"embeddable":true,"href":"https:\/\/www.provincia.com.uy\/index.php\/wp-json\/wp\/v2\/users\/4"}],"replies":[{"embeddable":true,"href":"https:\/\/www.provincia.com.uy\/index.php\/wp-json\/wp\/v2\/comments?post=178"}],"version-history":[{"count":3,"href":"https:\/\/www.provincia.com.uy\/index.php\/wp-json\/wp\/v2\/pages\/178\/revisions"}],"predecessor-version":[{"id":821,"href":"https:\/\/www.provincia.com.uy\/index.php\/wp-json\/wp\/v2\/pages\/178\/revisions\/821"}],"up":[{"embeddable":true,"href":"https:\/\/www.provincia.com.uy\/index.php\/wp-json\/wp\/v2\/pages\/16"}],"wp:attachment":[{"href":"https:\/\/www.provincia.com.uy\/index.php\/wp-json\/wp\/v2\/media?parent=178"}],"curies":[{"name":"wp","href":"https:\/\/api.w.org\/{rel}","templated":true}]}}