{"id":171,"date":"2012-06-05T03:17:39","date_gmt":"2012-06-05T03:17:39","guid":{"rendered":"http:\/\/172.20.1.223\/?page_id=171"},"modified":"2012-09-06T20:35:55","modified_gmt":"2012-09-06T20:35:55","slug":"ordenes-de-pago-giros-y-transferencias-del-al-exterior","status":"publish","type":"page","link":"https:\/\/www.provincia.com.uy\/index.php\/comercio-exterior\/ordenes-de-pago-giros-y-transferencias-del-al-exterior\/","title":{"rendered":"Ordenes de Pago, Giros y Transferencias del al exterior"},"content":{"rendered":"<p style=\"text-align: justify;\"><strong>Recepci\u00f3n de \u00f3rdenes de pago del exterior<\/strong><\/p>\n<p style=\"text-align: justify;\">La transferencia de fondos enviada desde el exterior a un beneficiario (exportador) con acreditaci\u00f3n en cuenta.<\/p>\n<p style=\"text-align: justify;\"><strong>Env\u00edo de giros y transferencias al exterior<\/strong><\/p>\n<p style=\"text-align: justify;\">Transferencia de fondos que un ordenante o importador efect\u00faa a favor de un beneficiario por intermedio de Provincia Casa Financiera.<br \/>\nPueden ser para cancelaci\u00f3n de facturas, pago de seguros, inscripci\u00f3n a congresos, suscripci\u00f3n de revistas, etc.<\/p>\n ","protected":false},"excerpt":{"rendered":"<p>Recepci\u00f3n de \u00f3rdenes de pago del exterior La transferencia de fondos enviada desde el exterior a un beneficiario (exportador) con acreditaci\u00f3n en cuenta. Env\u00edo de giros y transferencias al exterior Transferencia de fondos que un ordenante o importador efect\u00faa a &hellip; <a href=\"https:\/\/www.provincia.com.uy\/index.php\/comercio-exterior\/ordenes-de-pago-giros-y-transferencias-del-al-exterior\/\">Sigue leyendo <span class=\"meta-nav\">&rarr;<\/span><\/a><\/p>\n","protected":false},"author":4,"featured_media":0,"parent":20,"menu_order":5,"comment_status":"open","ping_status":"closed","template":"","meta":{"footnotes":""},"class_list":["post-171","page","type-page","status-publish","hentry"],"_links":{"self":[{"href":"https:\/\/www.provincia.com.uy\/index.php\/wp-json\/wp\/v2\/pages\/171","targetHints":{"allow":["GET"]}}],"collection":[{"href":"https:\/\/www.provincia.com.uy\/index.php\/wp-json\/wp\/v2\/pages"}],"about":[{"href":"https:\/\/www.provincia.com.uy\/index.php\/wp-json\/wp\/v2\/types\/page"}],"author":[{"embeddable":true,"href":"https:\/\/www.provincia.com.uy\/index.php\/wp-json\/wp\/v2\/users\/4"}],"replies":[{"embeddable":true,"href":"https:\/\/www.provincia.com.uy\/index.php\/wp-json\/wp\/v2\/comments?post=171"}],"version-history":[{"count":8,"href":"https:\/\/www.provincia.com.uy\/index.php\/wp-json\/wp\/v2\/pages\/171\/revisions"}],"predecessor-version":[{"id":174,"href":"https:\/\/www.provincia.com.uy\/index.php\/wp-json\/wp\/v2\/pages\/171\/revisions\/174"}],"up":[{"embeddable":true,"href":"https:\/\/www.provincia.com.uy\/index.php\/wp-json\/wp\/v2\/pages\/20"}],"wp:attachment":[{"href":"https:\/\/www.provincia.com.uy\/index.php\/wp-json\/wp\/v2\/media?parent=171"}],"curies":[{"name":"wp","href":"https:\/\/api.w.org\/{rel}","templated":true}]}}