{"id":169,"date":"2012-06-05T03:16:17","date_gmt":"2012-06-05T03:16:17","guid":{"rendered":"http:\/\/172.20.1.223\/?page_id=169"},"modified":"2014-08-13T13:03:03","modified_gmt":"2014-08-13T16:03:03","slug":"financiacion-de-importaciones","status":"publish","type":"page","link":"https:\/\/www.provincia.com.uy\/index.php\/comercio-exterior\/financiacion-de-importaciones\/","title":{"rendered":"Financiaci\u00f3n de Importaciones"},"content":{"rendered":"<p><strong>Destino:<\/strong> Facilitar la importaci\u00f3n de bienes y servicios.<\/p>\n<p><strong>Beneficiarios:<\/strong> Personas jur\u00eddicas debidamente calificadas.<\/p>\n<p><strong>Monto M\u00e1ximo:<\/strong> Bienes de Capital: 85% de la operaci\u00f3n.<br \/>\nOtros bienes y servicios 100% de la operaci\u00f3n, ( seg\u00fan la l\u00ednea de cr\u00e9dito otorgada ).<br \/>\nEn ning\u00fan caso se deber\u00e1 incluir dentro del monto a financiar importes ya financiados en el exterior.<\/p>\n<p><strong>Plazo M\u00e1ximo:<\/strong> Hasta seis meses.<\/p>\n<p><strong>Sistema de Amortizaci\u00f3n:<\/strong> Pago \u00ednegro de capital e inter\u00e9s al vencimiento.<\/p>\n<p><strong>Frecuencia de Amortizaci\u00f3n:<\/strong> Pago \u00fanico al vencimiento.<\/p>\n<p><strong>Moneda:<\/strong> Moneda extranjera.<\/p>\n<p><strong>Garant\u00eda:<\/strong> A satisfacci\u00f3n del Provincia Casa Financiera.<\/p>\n ","protected":false},"excerpt":{"rendered":"<p>Destino: Facilitar la importaci\u00f3n de bienes y servicios. Beneficiarios: Personas jur\u00eddicas debidamente calificadas. Monto M\u00e1ximo: Bienes de Capital: 85% de la operaci\u00f3n. Otros bienes y servicios 100% de la operaci\u00f3n, ( seg\u00fan la l\u00ednea de cr\u00e9dito otorgada ). En ning\u00fan &hellip; <a href=\"https:\/\/www.provincia.com.uy\/index.php\/comercio-exterior\/financiacion-de-importaciones\/\">Sigue leyendo <span class=\"meta-nav\">&rarr;<\/span><\/a><\/p>\n","protected":false},"author":4,"featured_media":0,"parent":20,"menu_order":4,"comment_status":"open","ping_status":"closed","template":"","meta":{"footnotes":""},"class_list":["post-169","page","type-page","status-publish","hentry"],"_links":{"self":[{"href":"https:\/\/www.provincia.com.uy\/index.php\/wp-json\/wp\/v2\/pages\/169","targetHints":{"allow":["GET"]}}],"collection":[{"href":"https:\/\/www.provincia.com.uy\/index.php\/wp-json\/wp\/v2\/pages"}],"about":[{"href":"https:\/\/www.provincia.com.uy\/index.php\/wp-json\/wp\/v2\/types\/page"}],"author":[{"embeddable":true,"href":"https:\/\/www.provincia.com.uy\/index.php\/wp-json\/wp\/v2\/users\/4"}],"replies":[{"embeddable":true,"href":"https:\/\/www.provincia.com.uy\/index.php\/wp-json\/wp\/v2\/comments?post=169"}],"version-history":[{"count":5,"href":"https:\/\/www.provincia.com.uy\/index.php\/wp-json\/wp\/v2\/pages\/169\/revisions"}],"predecessor-version":[{"id":817,"href":"https:\/\/www.provincia.com.uy\/index.php\/wp-json\/wp\/v2\/pages\/169\/revisions\/817"}],"up":[{"embeddable":true,"href":"https:\/\/www.provincia.com.uy\/index.php\/wp-json\/wp\/v2\/pages\/20"}],"wp:attachment":[{"href":"https:\/\/www.provincia.com.uy\/index.php\/wp-json\/wp\/v2\/media?parent=169"}],"curies":[{"name":"wp","href":"https:\/\/api.w.org\/{rel}","templated":true}]}}