{"id":167,"date":"2012-06-05T03:14:39","date_gmt":"2012-06-05T03:14:39","guid":{"rendered":"http:\/\/172.20.1.223\/?page_id=167"},"modified":"2012-09-06T20:35:38","modified_gmt":"2012-09-06T20:35:38","slug":"credito-documentario-de-importacion","status":"publish","type":"page","link":"https:\/\/www.provincia.com.uy\/index.php\/comercio-exterior\/credito-documentario-de-importacion\/","title":{"rendered":"Cr\u00e9dito Documentario de Importaci\u00f3n"},"content":{"rendered":"<p style=\"text-align: justify;\"><strong>Destino:<\/strong> Facilitar la importaci\u00f3n de bienes y servicios, mediante la formalizaci\u00f3n de un instrumento que implica seguridad en el cumplimiento de obligaciones rec\u00edprocas entre las partes, y que est\u00e1 sujeto a reglas y usos uniformes normados internacionalmente.<\/p>\n<p style=\"text-align: justify;\"><strong>Beneficiarios:<\/strong> Personas jur\u00eddicas debidamente calificadas.<\/p>\n<p style=\"text-align: justify;\"><strong>Monto M\u00e1ximo:<\/strong> Hasta el 100% de la operaci\u00f3n.<\/p>\n<p style=\"text-align: justify;\"><strong>Plazo M\u00e1ximo:<\/strong> Hasta un a\u00f1o, de acuerdo con el tipo de operaci\u00f3n solicitado.<\/p>\n<p style=\"text-align: justify;\"><strong>Moneda:<\/strong> Moneda extranjera.<\/p>\n<p style=\"text-align: justify;\"><strong>Garant\u00eda:<\/strong> A satisfacci\u00f3n del Provincia Casa Financiera.<\/p>\n ","protected":false},"excerpt":{"rendered":"<p>Destino: Facilitar la importaci\u00f3n de bienes y servicios, mediante la formalizaci\u00f3n de un instrumento que implica seguridad en el cumplimiento de obligaciones rec\u00edprocas entre las partes, y que est\u00e1 sujeto a reglas y usos uniformes normados internacionalmente. Beneficiarios: Personas jur\u00eddicas &hellip; <a href=\"https:\/\/www.provincia.com.uy\/index.php\/comercio-exterior\/credito-documentario-de-importacion\/\">Sigue leyendo <span class=\"meta-nav\">&rarr;<\/span><\/a><\/p>\n","protected":false},"author":4,"featured_media":0,"parent":20,"menu_order":2,"comment_status":"open","ping_status":"closed","template":"","meta":{"footnotes":""},"class_list":["post-167","page","type-page","status-publish","hentry"],"_links":{"self":[{"href":"https:\/\/www.provincia.com.uy\/index.php\/wp-json\/wp\/v2\/pages\/167","targetHints":{"allow":["GET"]}}],"collection":[{"href":"https:\/\/www.provincia.com.uy\/index.php\/wp-json\/wp\/v2\/pages"}],"about":[{"href":"https:\/\/www.provincia.com.uy\/index.php\/wp-json\/wp\/v2\/types\/page"}],"author":[{"embeddable":true,"href":"https:\/\/www.provincia.com.uy\/index.php\/wp-json\/wp\/v2\/users\/4"}],"replies":[{"embeddable":true,"href":"https:\/\/www.provincia.com.uy\/index.php\/wp-json\/wp\/v2\/comments?post=167"}],"version-history":[{"count":4,"href":"https:\/\/www.provincia.com.uy\/index.php\/wp-json\/wp\/v2\/pages\/167\/revisions"}],"predecessor-version":[{"id":420,"href":"https:\/\/www.provincia.com.uy\/index.php\/wp-json\/wp\/v2\/pages\/167\/revisions\/420"}],"up":[{"embeddable":true,"href":"https:\/\/www.provincia.com.uy\/index.php\/wp-json\/wp\/v2\/pages\/20"}],"wp:attachment":[{"href":"https:\/\/www.provincia.com.uy\/index.php\/wp-json\/wp\/v2\/media?parent=167"}],"curies":[{"name":"wp","href":"https:\/\/api.w.org\/{rel}","templated":true}]}}