{"id":163,"date":"2012-06-05T03:13:03","date_gmt":"2012-06-05T03:13:03","guid":{"rendered":"http:\/\/172.20.1.223\/?page_id=163"},"modified":"2014-08-13T12:59:21","modified_gmt":"2014-08-13T15:59:21","slug":"compra-sin-recurso-de-exportaciones","status":"publish","type":"page","link":"https:\/\/www.provincia.com.uy\/index.php\/comercio-exterior\/compra-sin-recurso-de-exportaciones\/","title":{"rendered":"Compra Sin Recurso de Exportaciones"},"content":{"rendered":"<p style=\"text-align: justify;\"><strong>Destino:<\/strong> Facilitar la colocaci\u00f3n de bienes y servicios nacionales en mercados externos, sin afectar el margen de cr\u00e9dito del cliente.<\/p>\n<p style=\"text-align: justify;\"><strong>Beneficiarios:<\/strong> Personas jur\u00eddicas debidamente calificadas.<br \/>\nNo es condici\u00f3n para el otorgamiento, que el solicitante sea sujeto de an\u00e1lisis de riesgo, ni tenga margen crediticio otorgado, dado que el objeto de riesgo es el Banco del exterior. La asistencia financiera que se brinda es una compra de los derechos emergentes de los documentos de pago de la exportaci\u00f3n realizada.<\/p>\n<p style=\"text-align: justify;\"><strong>Monto M\u00e1ximo:<\/strong> Hasta el 100% de la operaci\u00f3n ( seg\u00fan topes de riesgo vigentes ).<\/p>\n<p style=\"text-align: justify;\"><strong>Plazo M\u00e1ximo:<\/strong> Conforme al plazo de pago de la operaci\u00f3n, seg\u00fan normativa vigente de acuerdo a la posici\u00f3n arancelaria.<\/p>\n<p style=\"text-align: justify;\"><strong>Sistema de Amortizaci\u00f3n:<\/strong> Pago \u00edntegro de capital al vencimiento. Los intereses se pagan por adelantado.<\/p>\n<p style=\"text-align: justify;\"><strong>Frecuencia de Amortizaci\u00f3n:<\/strong> Pago \u00fanico de capital al vencimiento.<\/p>\n<p style=\"text-align: justify;\"><strong>Moneda:<\/strong> Moneda extranjera.<\/p>\n<p style=\"text-align: justify;\"><strong>Garant\u00eda:<\/strong> Cesi\u00f3n del objeto de cr\u00e9dito.<\/p>\n<p style=\"text-align: justify;\">\n ","protected":false},"excerpt":{"rendered":"<p>Destino: Facilitar la colocaci\u00f3n de bienes y servicios nacionales en mercados externos, sin afectar el margen de cr\u00e9dito del cliente. Beneficiarios: Personas jur\u00eddicas debidamente calificadas. No es condici\u00f3n para el otorgamiento, que el solicitante sea sujeto de an\u00e1lisis de riesgo, &hellip; <a href=\"https:\/\/www.provincia.com.uy\/index.php\/comercio-exterior\/compra-sin-recurso-de-exportaciones\/\">Sigue leyendo <span class=\"meta-nav\">&rarr;<\/span><\/a><\/p>\n","protected":false},"author":4,"featured_media":0,"parent":20,"menu_order":1,"comment_status":"open","ping_status":"closed","template":"","meta":{"footnotes":""},"class_list":["post-163","page","type-page","status-publish","hentry"],"_links":{"self":[{"href":"https:\/\/www.provincia.com.uy\/index.php\/wp-json\/wp\/v2\/pages\/163","targetHints":{"allow":["GET"]}}],"collection":[{"href":"https:\/\/www.provincia.com.uy\/index.php\/wp-json\/wp\/v2\/pages"}],"about":[{"href":"https:\/\/www.provincia.com.uy\/index.php\/wp-json\/wp\/v2\/types\/page"}],"author":[{"embeddable":true,"href":"https:\/\/www.provincia.com.uy\/index.php\/wp-json\/wp\/v2\/users\/4"}],"replies":[{"embeddable":true,"href":"https:\/\/www.provincia.com.uy\/index.php\/wp-json\/wp\/v2\/comments?post=163"}],"version-history":[{"count":6,"href":"https:\/\/www.provincia.com.uy\/index.php\/wp-json\/wp\/v2\/pages\/163\/revisions"}],"predecessor-version":[{"id":811,"href":"https:\/\/www.provincia.com.uy\/index.php\/wp-json\/wp\/v2\/pages\/163\/revisions\/811"}],"up":[{"embeddable":true,"href":"https:\/\/www.provincia.com.uy\/index.php\/wp-json\/wp\/v2\/pages\/20"}],"wp:attachment":[{"href":"https:\/\/www.provincia.com.uy\/index.php\/wp-json\/wp\/v2\/media?parent=163"}],"curies":[{"name":"wp","href":"https:\/\/api.w.org\/{rel}","templated":true}]}}