{"id":16,"date":"2012-05-19T22:56:02","date_gmt":"2012-05-19T22:56:02","guid":{"rendered":"http:\/\/172.20.1.223\/?page_id=16"},"modified":"2021-06-18T15:44:44","modified_gmt":"2021-06-18T18:44:44","slug":"creditos","status":"publish","type":"page","link":"https:\/\/www.provincia.com.uy\/index.php\/creditos\/","title":{"rendered":"Cr\u00e9ditos"},"content":{"rendered":"<p style=\"text-align: justify;\"><strong>Provincia Casa Financiera<\/strong> satisface sus necesidades crediticias con productos a la medida de su empresa. Ponemos a su disposici\u00f3n herramientas que facilitan su crecimiento atendiendo las necesidades de capital de giro, evoluci\u00f3n, de corto plazo.<\/p>\n<p style=\"text-align: justify;\">El Departamento de Cr\u00e9ditos lo integran profesionales especializados que analizan, planifican, elaboran y ponen en marcha nuevas formas de financiaci\u00f3n como resultado de las necesidades de los distintos sectores productivos de la econom\u00eda.<\/p>\n<div>\n<p style=\"text-align: justify;\"><strong>&nbsp;Provincia Casa Financiera<\/strong> promueve en forma integral el crecimiento de la actividad comercial, industrial, agropecuaria y de servicios.<\/p>\n<p><img loading=\"lazy\" decoding=\"async\" class=\"alignleft size-full wp-image-563\" title=\"Creditos\" src=\"https:\/\/www.provincia.com.uy\/wp-content\/uploads\/2012\/05\/DSC_0260-ch.jpg\" alt=\"Creditos\" width=\"820\" height=\"300\" srcset=\"https:\/\/www.provincia.com.uy\/wp-content\/uploads\/2012\/05\/DSC_0260-ch.jpg 820w, https:\/\/www.provincia.com.uy\/wp-content\/uploads\/2012\/05\/DSC_0260-ch-300x109.jpg 300w\" sizes=\"auto, (max-width: 820px) 100vw, 820px\" \/>&nbsp;<\/p>\n<\/div>\n<div><\/div>\n ","protected":false},"excerpt":{"rendered":"<p>Provincia Casa Financiera satisface sus necesidades crediticias con productos a la medida de su empresa. Ponemos a su disposici\u00f3n herramientas que facilitan su crecimiento atendiendo las necesidades de capital de giro, evoluci\u00f3n, de corto plazo. El Departamento de Cr\u00e9ditos lo &hellip; <a href=\"https:\/\/www.provincia.com.uy\/index.php\/creditos\/\">Sigue leyendo <span class=\"meta-nav\">&rarr;<\/span><\/a><\/p>\n","protected":false},"author":4,"featured_media":0,"parent":0,"menu_order":0,"comment_status":"open","ping_status":"open","template":"creditos.php","meta":{"footnotes":""},"class_list":["post-16","page","type-page","status-publish","hentry"],"_links":{"self":[{"href":"https:\/\/www.provincia.com.uy\/index.php\/wp-json\/wp\/v2\/pages\/16","targetHints":{"allow":["GET"]}}],"collection":[{"href":"https:\/\/www.provincia.com.uy\/index.php\/wp-json\/wp\/v2\/pages"}],"about":[{"href":"https:\/\/www.provincia.com.uy\/index.php\/wp-json\/wp\/v2\/types\/page"}],"author":[{"embeddable":true,"href":"https:\/\/www.provincia.com.uy\/index.php\/wp-json\/wp\/v2\/users\/4"}],"replies":[{"embeddable":true,"href":"https:\/\/www.provincia.com.uy\/index.php\/wp-json\/wp\/v2\/comments?post=16"}],"version-history":[{"count":22,"href":"https:\/\/www.provincia.com.uy\/index.php\/wp-json\/wp\/v2\/pages\/16\/revisions"}],"predecessor-version":[{"id":964,"href":"https:\/\/www.provincia.com.uy\/index.php\/wp-json\/wp\/v2\/pages\/16\/revisions\/964"}],"wp:attachment":[{"href":"https:\/\/www.provincia.com.uy\/index.php\/wp-json\/wp\/v2\/media?parent=16"}],"curies":[{"name":"wp","href":"https:\/\/api.w.org\/{rel}","templated":true}]}}