{"id":159,"date":"2012-06-05T03:10:53","date_gmt":"2012-06-05T03:10:53","guid":{"rendered":"http:\/\/172.20.1.223\/?page_id=159"},"modified":"2014-08-13T13:01:33","modified_gmt":"2014-08-13T16:01:33","slug":"financiacion-de-exportaciones-con-recurso","status":"publish","type":"page","link":"https:\/\/www.provincia.com.uy\/index.php\/comercio-exterior\/financiacion-de-exportaciones-con-recurso\/","title":{"rendered":"Financiaci\u00f3n de Exportaciones (Con recurso)"},"content":{"rendered":"<p style=\"text-align: justify;\"><strong>Destino:<\/strong> Facilitar la colocaci\u00f3n de bienes y servicios nacionales en mercados externos.<\/p>\n<p style=\"text-align: justify;\"><strong>Beneficiarios:<\/strong> Personas jur\u00eddicas debidamente calificadas.<\/p>\n<p style=\"text-align: justify;\"><strong>Monto M\u00e1ximo:<\/strong> Hasta el 100% de la operaci\u00f3n ( seg\u00fan la l\u00ednea de cr\u00e9dito otorgada ).<\/p>\n<p style=\"text-align: justify;\"><strong>Plazo M\u00e1ximo:<\/strong> Conforme al plazo de pago de la operaci\u00f3n, seg\u00fan normativa vigente de acuerdo a la posici\u00f3n arancelaria.<\/p>\n<p style=\"text-align: justify;\"><strong>Sistema de Amortizaci\u00f3n:<\/strong> Pago \u00edntegro de capital e inter\u00e9s al vencimiento.<\/p>\n<p style=\"text-align: justify;\"><strong>Moneda:<\/strong> Moneda extranjera.<\/p>\n<p style=\"text-align: justify;\"><strong>Garant\u00eda:<\/strong> A satisfacci\u00f3n del Provincia Casa Financiera.<\/p>\n ","protected":false},"excerpt":{"rendered":"<p>Destino: Facilitar la colocaci\u00f3n de bienes y servicios nacionales en mercados externos. Beneficiarios: Personas jur\u00eddicas debidamente calificadas. Monto M\u00e1ximo: Hasta el 100% de la operaci\u00f3n ( seg\u00fan la l\u00ednea de cr\u00e9dito otorgada ). Plazo M\u00e1ximo: Conforme al plazo de pago &hellip; <a href=\"https:\/\/www.provincia.com.uy\/index.php\/comercio-exterior\/financiacion-de-exportaciones-con-recurso\/\">Sigue leyendo <span class=\"meta-nav\">&rarr;<\/span><\/a><\/p>\n","protected":false},"author":4,"featured_media":0,"parent":20,"menu_order":3,"comment_status":"open","ping_status":"closed","template":"","meta":{"footnotes":""},"class_list":["post-159","page","type-page","status-publish","hentry"],"_links":{"self":[{"href":"https:\/\/www.provincia.com.uy\/index.php\/wp-json\/wp\/v2\/pages\/159","targetHints":{"allow":["GET"]}}],"collection":[{"href":"https:\/\/www.provincia.com.uy\/index.php\/wp-json\/wp\/v2\/pages"}],"about":[{"href":"https:\/\/www.provincia.com.uy\/index.php\/wp-json\/wp\/v2\/types\/page"}],"author":[{"embeddable":true,"href":"https:\/\/www.provincia.com.uy\/index.php\/wp-json\/wp\/v2\/users\/4"}],"replies":[{"embeddable":true,"href":"https:\/\/www.provincia.com.uy\/index.php\/wp-json\/wp\/v2\/comments?post=159"}],"version-history":[{"count":9,"href":"https:\/\/www.provincia.com.uy\/index.php\/wp-json\/wp\/v2\/pages\/159\/revisions"}],"predecessor-version":[{"id":815,"href":"https:\/\/www.provincia.com.uy\/index.php\/wp-json\/wp\/v2\/pages\/159\/revisions\/815"}],"up":[{"embeddable":true,"href":"https:\/\/www.provincia.com.uy\/index.php\/wp-json\/wp\/v2\/pages\/20"}],"wp:attachment":[{"href":"https:\/\/www.provincia.com.uy\/index.php\/wp-json\/wp\/v2\/media?parent=159"}],"curies":[{"name":"wp","href":"https:\/\/api.w.org\/{rel}","templated":true}]}}