{"id":144,"date":"2012-06-05T02:59:32","date_gmt":"2012-06-05T02:59:32","guid":{"rendered":"http:\/\/172.20.1.223\/?page_id=144"},"modified":"2012-09-11T15:35:17","modified_gmt":"2012-09-11T15:35:17","slug":"historia-del-banco-de-la-provincia-de-buenos-aires","status":"publish","type":"page","link":"https:\/\/www.provincia.com.uy\/index.php\/institucional\/historia-del-banco-de-la-provincia-de-buenos-aires\/","title":{"rendered":"Historia del Banco de la Provincia de Buenos Aires"},"content":{"rendered":"<p style=\"text-align: justify;\">El Banco de la Provincia de Buenos Aires creado en el a\u00f1o 1822 bajo la denominaci\u00f3n de Banco de Buenos Ayres, fue el primer banco argentino y tambi\u00e9n, la primera sociedad an\u00f3nima del pa\u00eds, con promoci\u00f3n estatal y capital privado.<br \/>\nA lo largo de su historia atraves\u00f3 diversas etapas con peculiares caracter\u00edsticas org\u00e1nicas y hasta denominaciones diversas pudiendo mencionarse a\u00f1os paradigm\u00e1ticos en su cronolog\u00eda:<\/p>\n<ul>\n<li><strong>1822<\/strong> nace como Banco de Buenos Ayres, sociedad an\u00f3nima privada, con promoci\u00f3n y auspicio del gobierno provincial.<\/li>\n<li><span style=\"text-align: justify;\"><strong>1826<\/strong> reorganizado como Banco de las Provincias Unidas del R\u00edo de la Plata popularmente Banco Nacional, sociedad mixta, con secci\u00f3n de Casa de Moneda anexa.<\/span><\/li>\n<li><span style=\"text-align: justify;\"><strong>1836<\/strong> pasa a ser administrado por la Junta Administradora de Papel Moneda y de la Casa de Moneda Met\u00e1lica, tambi\u00e9n conocida como Casa de la Moneda de la Provincia, entidad mixta bajo gesti\u00f3n estatal, con secci\u00f3n bancaria y departamento de billetes y amonedaci\u00f3n.<\/span><\/li>\n<li><span style=\"text-align: justify;\"><strong>1854<\/strong> una nueva reorganizaci\u00f3n puso fin a la sociedad mixta. Qued\u00f3 formada en ese a\u00f1o la empresa estatal que continu\u00f3 su giro bajo el nombre Banco y Casa de Moneda del Estado de Buenos Aires.<\/span><\/li>\n<li><span style=\"text-align: justify;\"><strong>1863<\/strong> asumi\u00f3 la denominaci\u00f3n definitiva Banco de la Provincia de Buenos Aires con Casa Central y Sucursales.<\/span><\/li>\n<li><span style=\"text-align: justify;\"><strong>1882<\/strong> luego de la fundaci\u00f3n de La Plata, capital de la Provincia de Buenos Aires, se incorpora la actual Casa Matriz.<\/span><\/li>\n<li><span style=\"text-align: justify;\"><strong>1906\u00a0<\/strong>el Banco de la Provincia de Buenos Aires se reorganiz\u00f3 como entidad mixta.<\/span><\/li>\n<li><span style=\"text-align: justify;\"><strong>1946<\/strong> se transform\u00f3 nuevamente en una empresa estatal de la Provincia de Buenos Aires.<\/span><\/li>\n<\/ul>\n<p style=\"text-align: justify;\">El Banco de la Provincia de Buenos Aires ha estado siempre sustentado por la confianza de su clientela, constituida por el conjunto de los intereses econ\u00f3micos y comunitarios bonaerenses. Tambi\u00e9n por el esfuerzo perseverante de su personal, que ha sido el precursor de esta actividad en nuestro pa\u00eds. Y, adem\u00e1s, por el patrocinio jur\u00eddico y org\u00e1nico de la provincia de Buenos Aires, que ha creado y modelado su Banco, seg\u00fan los requerimientos sucesivos de la historia.<\/p>\n<p style=\"text-align: justify;\">El presente y el futuro de esta entidad fundadora del sistema bancario argentino, se apoyan en un rumbo signado por el esfuerzo y la confiabilidad, verificables en el balance de su historia. La tradici\u00f3n institucional da al Banco de la Provincia de Buenos Aires su solidez y su prestigio.<\/p>\n ","protected":false},"excerpt":{"rendered":"<p>El Banco de la Provincia de Buenos Aires creado en el a\u00f1o 1822 bajo la denominaci\u00f3n de Banco de Buenos Ayres, fue el primer banco argentino y tambi\u00e9n, la primera sociedad an\u00f3nima del pa\u00eds, con promoci\u00f3n estatal y capital privado. &hellip; <a href=\"https:\/\/www.provincia.com.uy\/index.php\/institucional\/historia-del-banco-de-la-provincia-de-buenos-aires\/\">Sigue leyendo <span class=\"meta-nav\">&rarr;<\/span><\/a><\/p>\n","protected":false},"author":4,"featured_media":0,"parent":14,"menu_order":4,"comment_status":"open","ping_status":"closed","template":"","meta":{"footnotes":""},"class_list":["post-144","page","type-page","status-publish","hentry"],"_links":{"self":[{"href":"https:\/\/www.provincia.com.uy\/index.php\/wp-json\/wp\/v2\/pages\/144","targetHints":{"allow":["GET"]}}],"collection":[{"href":"https:\/\/www.provincia.com.uy\/index.php\/wp-json\/wp\/v2\/pages"}],"about":[{"href":"https:\/\/www.provincia.com.uy\/index.php\/wp-json\/wp\/v2\/types\/page"}],"author":[{"embeddable":true,"href":"https:\/\/www.provincia.com.uy\/index.php\/wp-json\/wp\/v2\/users\/4"}],"replies":[{"embeddable":true,"href":"https:\/\/www.provincia.com.uy\/index.php\/wp-json\/wp\/v2\/comments?post=144"}],"version-history":[{"count":6,"href":"https:\/\/www.provincia.com.uy\/index.php\/wp-json\/wp\/v2\/pages\/144\/revisions"}],"predecessor-version":[{"id":438,"href":"https:\/\/www.provincia.com.uy\/index.php\/wp-json\/wp\/v2\/pages\/144\/revisions\/438"}],"up":[{"embeddable":true,"href":"https:\/\/www.provincia.com.uy\/index.php\/wp-json\/wp\/v2\/pages\/14"}],"wp:attachment":[{"href":"https:\/\/www.provincia.com.uy\/index.php\/wp-json\/wp\/v2\/media?parent=144"}],"curies":[{"name":"wp","href":"https:\/\/api.w.org\/{rel}","templated":true}]}}