{"id":120,"date":"2012-05-31T13:17:50","date_gmt":"2012-05-31T13:17:50","guid":{"rendered":"http:\/\/172.20.1.223\/?page_id=120"},"modified":"2012-09-11T15:34:47","modified_gmt":"2012-09-11T15:34:47","slug":"nuestra-filosofia","status":"publish","type":"page","link":"https:\/\/www.provincia.com.uy\/index.php\/institucional\/nuestra-filosofia\/","title":{"rendered":"Nuestra Filosof\u00eda"},"content":{"rendered":"<p style=\"text-align: justify;\">Es un renovado compromiso de la b\u00fasqueda permanente de la excelencia en el servicio a cada uno de nuestros clientes, basado en tres atributos fundamentales que nos diferencian, nos definen y nos dan sentido:<\/p>\n<p style=\"text-align: justify;\"><strong>Inclusi\u00f3n:<\/strong> nos animamos a dar lugar a todos, sin prejuicios, porque apreciamos el valor y el potencial que hay en cada empresa.<\/p>\n<p style=\"text-align: justify;\"><img loading=\"lazy\" decoding=\"async\" class=\"alignleft size-medium wp-image-384\" style=\"margin-right: 10px;\" title=\"Nuestra Filosof\u00eda\" src=\"..\/..\/wp-content\/uploads\/2012\/05\/Nuestra-Filosofia2-214x300.jpg\" alt=\"Nuestra Filosof\u00eda\" width=\"214\" height=\"300\" srcset=\"https:\/\/www.provincia.com.uy\/wp-content\/uploads\/2012\/05\/Nuestra-Filosofia2-214x300.jpg 214w, https:\/\/www.provincia.com.uy\/wp-content\/uploads\/2012\/05\/Nuestra-Filosofia2-731x1024.jpg 731w, https:\/\/www.provincia.com.uy\/wp-content\/uploads\/2012\/05\/Nuestra-Filosofia2.jpg 1491w\" sizes=\"auto, (max-width: 214px) 100vw, 214px\" \/> <strong>Compromiso:<\/strong> somos una Instituci\u00f3n de confianza, porque apostamos al pa\u00eds y su gente, comprometi\u00e9ndonos siempre a brindar lo mejor de nosotros en apoyo al crecimiento de su empresa.<\/p>\n<p style=\"text-align: justify;\"><strong>Servicio:<\/strong> ponemos toda la experiencia de nuestro personal, nuestra infraestructura y nuestra tecnolog\u00eda a disposici\u00f3n de nuestros clientes, a trav\u00e9s de una atenci\u00f3n personalizada, eficiente y profesional.<\/p>\n ","protected":false},"excerpt":{"rendered":"<p>Es un renovado compromiso de la b\u00fasqueda permanente de la excelencia en el servicio a cada uno de nuestros clientes, basado en tres atributos fundamentales que nos diferencian, nos definen y nos dan sentido: Inclusi\u00f3n: nos animamos a dar lugar &hellip; <a href=\"https:\/\/www.provincia.com.uy\/index.php\/institucional\/nuestra-filosofia\/\">Sigue leyendo <span class=\"meta-nav\">&rarr;<\/span><\/a><\/p>\n","protected":false},"author":4,"featured_media":0,"parent":14,"menu_order":3,"comment_status":"open","ping_status":"closed","template":"","meta":{"footnotes":""},"class_list":["post-120","page","type-page","status-publish","hentry"],"_links":{"self":[{"href":"https:\/\/www.provincia.com.uy\/index.php\/wp-json\/wp\/v2\/pages\/120","targetHints":{"allow":["GET"]}}],"collection":[{"href":"https:\/\/www.provincia.com.uy\/index.php\/wp-json\/wp\/v2\/pages"}],"about":[{"href":"https:\/\/www.provincia.com.uy\/index.php\/wp-json\/wp\/v2\/types\/page"}],"author":[{"embeddable":true,"href":"https:\/\/www.provincia.com.uy\/index.php\/wp-json\/wp\/v2\/users\/4"}],"replies":[{"embeddable":true,"href":"https:\/\/www.provincia.com.uy\/index.php\/wp-json\/wp\/v2\/comments?post=120"}],"version-history":[{"count":14,"href":"https:\/\/www.provincia.com.uy\/index.php\/wp-json\/wp\/v2\/pages\/120\/revisions"}],"predecessor-version":[{"id":580,"href":"https:\/\/www.provincia.com.uy\/index.php\/wp-json\/wp\/v2\/pages\/120\/revisions\/580"}],"up":[{"embeddable":true,"href":"https:\/\/www.provincia.com.uy\/index.php\/wp-json\/wp\/v2\/pages\/14"}],"wp:attachment":[{"href":"https:\/\/www.provincia.com.uy\/index.php\/wp-json\/wp\/v2\/media?parent=120"}],"curies":[{"name":"wp","href":"https:\/\/api.w.org\/{rel}","templated":true}]}}