{"id":118,"date":"2012-05-31T13:17:20","date_gmt":"2012-05-31T13:17:20","guid":{"rendered":"http:\/\/172.20.1.223\/?page_id=118"},"modified":"2012-09-11T15:34:01","modified_gmt":"2012-09-11T15:34:01","slug":"mision","status":"publish","type":"page","link":"https:\/\/www.provincia.com.uy\/index.php\/institucional\/mision\/","title":{"rendered":"Misi\u00f3n"},"content":{"rendered":"<p style=\"text-align: justify;\">La misi\u00f3n de <strong>Provincia Casa Financiera<\/strong> se basa principalmente en su rol de prestador de servicios financieros a los agentes econ\u00f3micos, actuando como herramienta que permita potenciar y complementar el desarrollo del intercambio de bienes y servicios de Uruguay con el mundo, especialmente aprovechando las ventajas que puede ofrecer en el comercio bilateral con Argentina, lo cual constituye una ventaja competitiva para las empresas bonaerenses que deseen operar en esta plaza, afirmaci\u00f3n que lo vincula con la venta de servicios de comercio exterior.<\/p>\n<p style=\"text-align: justify;\">Asimismo, nuestra misi\u00f3n consiste en brindar a los clientes una amplia gama de instrumentos financieros para su inversi\u00f3n, con el objeto de obtener la mayor rentabilidad teniendo en cuenta la relaci\u00f3n riesgo\/costo\/beneficio.<\/p>\n<p style=\"text-align: justify;\">Por lo tanto conforman nuestros principales productos y servicios, la atenci\u00f3n crediticia a empresas, servicios relacionados al comercio exterior y su financiamiento, el acceso a servicios relacionados con instrumentos financieros emitidos por terceros, como ser compra &#8211; venta de Bonos y Acciones, custodia de los mismos y servicios financieros asociados a la inversi\u00f3n.<\/p>\n<p style=\"text-align: justify;\"><img loading=\"lazy\" decoding=\"async\" class=\"alignleft size-medium wp-image-381\" title=\"El Banco Gaucho\" src=\"..\/..\/wp-content\/uploads\/2012\/05\/Nuestra-Filosofia1-300x149.jpg\" alt=\"El Banco Gaucho\" width=\"300\" height=\"149\" srcset=\"https:\/\/www.provincia.com.uy\/wp-content\/uploads\/2012\/05\/Nuestra-Filosofia1-300x149.jpg 300w, https:\/\/www.provincia.com.uy\/wp-content\/uploads\/2012\/05\/Nuestra-Filosofia1-1024x508.jpg 1024w\" sizes=\"auto, (max-width: 300px) 100vw, 300px\" \/><\/p>\n<p style=\"text-align: justify;\">\n ","protected":false},"excerpt":{"rendered":"<p>La misi\u00f3n de Provincia Casa Financiera se basa principalmente en su rol de prestador de servicios financieros a los agentes econ\u00f3micos, actuando como herramienta que permita potenciar y complementar el desarrollo del intercambio de bienes y servicios de Uruguay con &hellip; <a href=\"https:\/\/www.provincia.com.uy\/index.php\/institucional\/mision\/\">Sigue leyendo <span class=\"meta-nav\">&rarr;<\/span><\/a><\/p>\n","protected":false},"author":4,"featured_media":0,"parent":14,"menu_order":2,"comment_status":"open","ping_status":"closed","template":"","meta":{"footnotes":""},"class_list":["post-118","page","type-page","status-publish","hentry"],"_links":{"self":[{"href":"https:\/\/www.provincia.com.uy\/index.php\/wp-json\/wp\/v2\/pages\/118","targetHints":{"allow":["GET"]}}],"collection":[{"href":"https:\/\/www.provincia.com.uy\/index.php\/wp-json\/wp\/v2\/pages"}],"about":[{"href":"https:\/\/www.provincia.com.uy\/index.php\/wp-json\/wp\/v2\/types\/page"}],"author":[{"embeddable":true,"href":"https:\/\/www.provincia.com.uy\/index.php\/wp-json\/wp\/v2\/users\/4"}],"replies":[{"embeddable":true,"href":"https:\/\/www.provincia.com.uy\/index.php\/wp-json\/wp\/v2\/comments?post=118"}],"version-history":[{"count":11,"href":"https:\/\/www.provincia.com.uy\/index.php\/wp-json\/wp\/v2\/pages\/118\/revisions"}],"predecessor-version":[{"id":579,"href":"https:\/\/www.provincia.com.uy\/index.php\/wp-json\/wp\/v2\/pages\/118\/revisions\/579"}],"up":[{"embeddable":true,"href":"https:\/\/www.provincia.com.uy\/index.php\/wp-json\/wp\/v2\/pages\/14"}],"wp:attachment":[{"href":"https:\/\/www.provincia.com.uy\/index.php\/wp-json\/wp\/v2\/media?parent=118"}],"curies":[{"name":"wp","href":"https:\/\/api.w.org\/{rel}","templated":true}]}}