{"id":116,"date":"2012-05-31T13:16:38","date_gmt":"2012-05-31T13:16:38","guid":{"rendered":"http:\/\/172.20.1.223\/?page_id=116"},"modified":"2012-09-11T15:32:55","modified_gmt":"2012-09-11T15:32:55","slug":"historia","status":"publish","type":"page","link":"https:\/\/www.provincia.com.uy\/index.php\/institucional\/historia\/","title":{"rendered":"Historia"},"content":{"rendered":"<p style=\"text-align: justify;\">La relaci\u00f3n entre el Banco Provincia de Buenos Aires y la Rep\u00fablica Oriental del Uruguay data de muchos a\u00f1os, El Banco Provincia de Buenos Aires es el primer Banco de Sudam\u00e9rica y su historia est\u00e1 \u00edntimamente ligada a la historia de Argentina y por ende, a los or\u00edgenes de la Rep\u00fablica Oriental del Uruguay.<\/p>\n<p style=\"text-align: justify;\">En el a\u00f1o 1825, en ocasi\u00f3n de la invasi\u00f3n Portuguesa a la Banda Oriental, que origin\u00f3 la guerra con Brasil, el Gobierno de Buenos Aires autoriz\u00f3 la creaci\u00f3n de Cajas Subalternas, que funcionaban como bancos m\u00f3viles, acompa\u00f1ando a los ej\u00e9rcitos de observaci\u00f3n, cuya misi\u00f3n era controlar el avance brasile\u00f1o sobre el territorio de la Banda Oriental.<\/p>\n<p style=\"text-align: justify;\">El objetivo de las Cajas Subalternas del Banco de Buenos Aires era asistir econ\u00f3micamente a los ej\u00e9rcitos, principalmente con el pago de sueldos a los soldados. As\u00ed la primera sucursal fuera del territorio que hoy conforma la Provincia de Buenos Aires, se instal\u00f3 en Concepci\u00f3n del Uruguay (Provincia de Entre R\u00edos) y posteriormente , ya en territorio uruguayo, en Canelones. El tiempo transcurrido y el inicio de las acciones oblig\u00f3 a la fundici\u00f3n de todo el met\u00e1lico para transformarlo en municiones, emitiendo nuestro Banco Nacional, (esa era su denominaci\u00f3n), el primer papel moneda uruguayo, con las siglas BO en su cara, confirmando que su origen era la emisi\u00f3n en la Banda Oriental.<br \/>\nPasaron muchos a\u00f1os de historia, y tanto el Banco de la Provincia de Buenos Aires, como la Rep\u00fablica Oriental del Uruguay crecieron econ\u00f3mica y comercialmente, manteniendo su protagonismo en la regi\u00f3n.<\/p>\n<p style=\"text-align: justify;\">En el a\u00f1o 1980, el Banco de la Provincia de Buenos Aires vuelve a instalarse en territorio uruguayo abriendo una sucursal con matricula de Casa Financiera, con caracter\u00edsticas de Sucursal full Branch, evidenciando el compromiso, la confianza y el total respaldo a las operaciones efectuadas por esta Filial.<\/p>\n<p style=\"text-align: justify;\"><img loading=\"lazy\" decoding=\"async\" class=\"aligncenter size-large wp-image-388\" title=\"Historia\" src=\"..\/..\/wp-content\/uploads\/2012\/05\/triple-logo-1024x97.jpg\" alt=\"Historia\" width=\"700\" height=\"80\" \/><\/p>\n<p style=\"text-align: center;\">\n ","protected":false},"excerpt":{"rendered":"<p>La relaci\u00f3n entre el Banco Provincia de Buenos Aires y la Rep\u00fablica Oriental del Uruguay data de muchos a\u00f1os, El Banco Provincia de Buenos Aires es el primer Banco de Sudam\u00e9rica y su historia est\u00e1 \u00edntimamente ligada a la historia &hellip; <a href=\"https:\/\/www.provincia.com.uy\/index.php\/institucional\/historia\/\">Sigue leyendo <span class=\"meta-nav\">&rarr;<\/span><\/a><\/p>\n","protected":false},"author":4,"featured_media":0,"parent":14,"menu_order":1,"comment_status":"open","ping_status":"closed","template":"","meta":{"footnotes":""},"class_list":["post-116","page","type-page","status-publish","hentry"],"_links":{"self":[{"href":"https:\/\/www.provincia.com.uy\/index.php\/wp-json\/wp\/v2\/pages\/116","targetHints":{"allow":["GET"]}}],"collection":[{"href":"https:\/\/www.provincia.com.uy\/index.php\/wp-json\/wp\/v2\/pages"}],"about":[{"href":"https:\/\/www.provincia.com.uy\/index.php\/wp-json\/wp\/v2\/types\/page"}],"author":[{"embeddable":true,"href":"https:\/\/www.provincia.com.uy\/index.php\/wp-json\/wp\/v2\/users\/4"}],"replies":[{"embeddable":true,"href":"https:\/\/www.provincia.com.uy\/index.php\/wp-json\/wp\/v2\/comments?post=116"}],"version-history":[{"count":14,"href":"https:\/\/www.provincia.com.uy\/index.php\/wp-json\/wp\/v2\/pages\/116\/revisions"}],"predecessor-version":[{"id":378,"href":"https:\/\/www.provincia.com.uy\/index.php\/wp-json\/wp\/v2\/pages\/116\/revisions\/378"}],"up":[{"embeddable":true,"href":"https:\/\/www.provincia.com.uy\/index.php\/wp-json\/wp\/v2\/pages\/14"}],"wp:attachment":[{"href":"https:\/\/www.provincia.com.uy\/index.php\/wp-json\/wp\/v2\/media?parent=116"}],"curies":[{"name":"wp","href":"https:\/\/api.w.org\/{rel}","templated":true}]}}